{"id":2752,"date":"2022-12-28T15:36:47","date_gmt":"2022-12-28T12:36:47","guid":{"rendered":"https:\/\/lordspalace.com\/genel-basvuru\/"},"modified":"2023-01-09T14:34:14","modified_gmt":"2023-01-09T12:34:14","slug":"general-application","status":"publish","type":"page","link":"https:\/\/lordspalace.com\/en\/general-application\/","title":{"rendered":"General Application"},"content":{"rendered":"\t\t<div data-elementor-type=\"wp-page\" data-elementor-id=\"2752\" class=\"elementor elementor-2752\">\n\t\t\t\t\t\t\t\t\t<section class=\"elementor-section elementor-top-section elementor-element elementor-element-79fec38 elementor-section-boxed elementor-section-height-default elementor-section-height-default\" data-id=\"79fec38\" data-element_type=\"section\" data-settings=\"{&quot;background_background&quot;:&quot;classic&quot;}\">\n\t\t\t\t\t\t<div class=\"elementor-container elementor-column-gap-default\">\n\t\t\t\t\t<div class=\"elementor-column elementor-col-100 elementor-top-column elementor-element elementor-element-095c469\" data-id=\"095c469\" data-element_type=\"column\">\n\t\t\t<div class=\"elementor-widget-wrap elementor-element-populated\">\n\t\t\t\t\t\t\t\t<div class=\"elementor-element elementor-element-f7ebf90 elementor-widget elementor-widget-heading\" data-id=\"f7ebf90\" data-element_type=\"widget\" data-widget_type=\"heading.default\">\n\t\t\t\t<div class=\"elementor-widget-container\">\n\t\t\t<style>\/*! elementor - v3.8.1 - 13-11-2022 *\/\n.elementor-heading-title{padding:0;margin:0;line-height:1}.elementor-widget-heading .elementor-heading-title[class*=elementor-size-]>a{color:inherit;font-size:inherit;line-height:inherit}.elementor-widget-heading .elementor-heading-title.elementor-size-small{font-size:15px}.elementor-widget-heading .elementor-heading-title.elementor-size-medium{font-size:19px}.elementor-widget-heading .elementor-heading-title.elementor-size-large{font-size:29px}.elementor-widget-heading .elementor-heading-title.elementor-size-xl{font-size:39px}.elementor-widget-heading .elementor-heading-title.elementor-size-xxl{font-size:59px}<\/style><h2 class=\"elementor-heading-title elementor-size-default\">CAREER<\/h2>\t\t<\/div>\n\t\t\t\t<\/div>\n\t\t\t\t<div class=\"elementor-element elementor-element-d6c74c5 elementor-widget elementor-widget-heading\" data-id=\"d6c74c5\" data-element_type=\"widget\" data-widget_type=\"heading.default\">\n\t\t\t\t<div class=\"elementor-widget-container\">\n\t\t\t<h2 class=\"elementor-heading-title elementor-size-default\">General Application<\/h2>\t\t<\/div>\n\t\t\t\t<\/div>\n\t\t\t\t<div class=\"elementor-element elementor-element-7f78195 elementor-widget elementor-widget-image\" data-id=\"7f78195\" data-element_type=\"widget\" data-widget_type=\"image.default\">\n\t\t\t\t<div class=\"elementor-widget-container\">\n\t\t\t<style>\/*! elementor - v3.8.1 - 13-11-2022 *\/\n.elementor-widget-image{text-align:center}.elementor-widget-image a{display:inline-block}.elementor-widget-image a img[src$=\".svg\"]{width:48px}.elementor-widget-image img{vertical-align:middle;display:inline-block}<\/style>\t\t\t\t\t\t\t\t\t\t\t\t<img src=\"https:\/\/lordspalace.com\/wp-content\/uploads\/elementor\/thumbs\/lgoo-pyl6ypz16g1ku9btafwyo928mxyf121xblpupfbi6u.png\" title=\"lgoo\" alt=\"lgoo\" \/>\t\t\t\t\t\t\t\t\t\t\t\t\t\t\t<\/div>\n\t\t\t\t<\/div>\n\t\t\t\t<section class=\"elementor-section elementor-inner-section elementor-element elementor-element-db697bf elementor-section-boxed elementor-section-height-default elementor-section-height-default\" data-id=\"db697bf\" data-element_type=\"section\">\n\t\t\t\t\t\t<div class=\"elementor-container elementor-column-gap-default\">\n\t\t\t\t\t<div class=\"elementor-column elementor-col-100 elementor-inner-column elementor-element elementor-element-f39e5df\" data-id=\"f39e5df\" data-element_type=\"column\">\n\t\t\t<div class=\"elementor-widget-wrap elementor-element-populated\">\n\t\t\t\t\t\t\t\t<div class=\"elementor-element elementor-element-66ba73d elementor-position-left elementor-view-default elementor-mobile-position-top elementor-vertical-align-top elementor-widget elementor-widget-icon-box\" data-id=\"66ba73d\" data-element_type=\"widget\" data-widget_type=\"icon-box.default\">\n\t\t\t\t<div class=\"elementor-widget-container\">\n\t\t\t<link rel=\"stylesheet\" href=\"https:\/\/lordspalace.com\/wp-content\/plugins\/elementor\/assets\/css\/widget-icon-box.min.css\">\t\t<div class=\"elementor-icon-box-wrapper\">\n\t\t\t\t\t\t<div class=\"elementor-icon-box-icon\">\n\t\t\t\t<span class=\"elementor-icon elementor-animation-\" >\n\t\t\t\t<i aria-hidden=\"true\" class=\"far fa-calendar\"><\/i>\t\t\t\t<\/span>\n\t\t\t<\/div>\n\t\t\t\t\t\t<div class=\"elementor-icon-box-content\">\n\t\t\t\t<h3 class=\"elementor-icon-box-title\">\n\t\t\t\t\t<span  >\n\t\t\t\t\t\tPosition:\t\t\t\t\t<\/span>\n\t\t\t\t<\/h3>\n\t\t\t\t\t\t\t\t\t<p class=\"elementor-icon-box-description\">\n\t\t\t\t\t\tGeneral Application\t\t\t\t\t<\/p>\n\t\t\t\t\t\t\t<\/div>\n\t\t<\/div>\n\t\t\t\t<\/div>\n\t\t\t\t<\/div>\n\t\t\t\t<div class=\"elementor-element elementor-element-8f8a392 elementor-position-left elementor-view-default elementor-mobile-position-top elementor-vertical-align-top elementor-widget elementor-widget-icon-box\" data-id=\"8f8a392\" data-element_type=\"widget\" data-widget_type=\"icon-box.default\">\n\t\t\t\t<div class=\"elementor-widget-container\">\n\t\t\t\t\t<div class=\"elementor-icon-box-wrapper\">\n\t\t\t\t\t\t<div class=\"elementor-icon-box-icon\">\n\t\t\t\t<span class=\"elementor-icon elementor-animation-\" >\n\t\t\t\t<i aria-hidden=\"true\" class=\"fas fa-compress\"><\/i>\t\t\t\t<\/span>\n\t\t\t<\/div>\n\t\t\t\t\t\t<div class=\"elementor-icon-box-content\">\n\t\t\t\t<h3 class=\"elementor-icon-box-title\">\n\t\t\t\t\t<span  >\n\t\t\t\t\t\tEmployement:\t\t\t\t\t<\/span>\n\t\t\t\t<\/h3>\n\t\t\t\t\t\t\t\t\t<p class=\"elementor-icon-box-description\">\n\t\t\t\t\t\tFull Time\t\t\t\t\t<\/p>\n\t\t\t\t\t\t\t<\/div>\n\t\t<\/div>\n\t\t\t\t<\/div>\n\t\t\t\t<\/div>\n\t\t\t\t<div class=\"elementor-element elementor-element-07a447d elementor-position-left elementor-view-default elementor-mobile-position-top elementor-vertical-align-top elementor-widget elementor-widget-icon-box\" data-id=\"07a447d\" data-element_type=\"widget\" data-widget_type=\"icon-box.default\">\n\t\t\t\t<div class=\"elementor-widget-container\">\n\t\t\t\t\t<div class=\"elementor-icon-box-wrapper\">\n\t\t\t\t\t\t<div class=\"elementor-icon-box-icon\">\n\t\t\t\t<span class=\"elementor-icon elementor-animation-\" >\n\t\t\t\t<i aria-hidden=\"true\" class=\"fas fa-location-arrow\"><\/i>\t\t\t\t<\/span>\n\t\t\t<\/div>\n\t\t\t\t\t\t<div class=\"elementor-icon-box-content\">\n\t\t\t\t<h3 class=\"elementor-icon-box-title\">\n\t\t\t\t\t<span  >\n\t\t\t\t\t\tLocation:\t\t\t\t\t<\/span>\n\t\t\t\t<\/h3>\n\t\t\t\t\t\t\t\t\t<p class=\"elementor-icon-box-description\">\n\t\t\t\t\t\tLord's Palace Hotel\t\t\t\t\t<\/p>\n\t\t\t\t\t\t\t<\/div>\n\t\t<\/div>\n\t\t\t\t<\/div>\n\t\t\t\t<\/div>\n\t\t\t\t<div class=\"elementor-element elementor-element-a0a14f5 elementor-widget elementor-widget-text-editor\" data-id=\"a0a14f5\" data-element_type=\"widget\" data-widget_type=\"text-editor.default\">\n\t\t\t\t<div class=\"elementor-widget-container\">\n\t\t\t<style>\/*! elementor - v3.8.1 - 13-11-2022 *\/\n.elementor-widget-text-editor.elementor-drop-cap-view-stacked .elementor-drop-cap{background-color:#818a91;color:#fff}.elementor-widget-text-editor.elementor-drop-cap-view-framed .elementor-drop-cap{color:#818a91;border:3px solid;background-color:transparent}.elementor-widget-text-editor:not(.elementor-drop-cap-view-default) .elementor-drop-cap{margin-top:8px}.elementor-widget-text-editor:not(.elementor-drop-cap-view-default) .elementor-drop-cap-letter{width:1em;height:1em}.elementor-widget-text-editor .elementor-drop-cap{float:left;text-align:center;line-height:1;font-size:50px}.elementor-widget-text-editor .elementor-drop-cap-letter{display:inline-block}<\/style>\t\t\t\t<p><strong>General Qualities<\/strong><\/p><p class=\"p1\">We are looking for team members who are ready to add value to our hotel, which is continuing to progress by creating a difference in the tourism industry.<\/p><p class=\"p1\">Candidates who will apply will be preferred and evaluated based on their ability to steer their careers in the tourism sector, their openness to development, their self-confidence, their compatibility with team work, their experience in the position they are applying for, and their suitability for the required competencies of the position they are applying for.<\/p><p class=\"p1\">This is a general application announcement and has not been published for the purpose of filling a specific position. Your application for this advertisement will be considered for all positions in our hotel.<\/p><p class=\"p1\">Thank you for your attention to Lord&#8217;s Palace Hotel.<\/p>\t\t\t\t\t\t<\/div>\n\t\t\t\t<\/div>\n\t\t\t\t\t<\/div>\n\t\t<\/div>\n\t\t\t\t\t\t\t<\/div>\n\t\t<\/section>\n\t\t\t\t\t<\/div>\n\t\t<\/div>\n\t\t\t\t\t\t\t<\/div>\n\t\t<\/section>\n\t\t\t\t<section class=\"elementor-section elementor-top-section elementor-element elementor-element-d80ff07 elementor-section-boxed elementor-section-height-default elementor-section-height-default\" data-id=\"d80ff07\" data-element_type=\"section\" data-settings=\"{&quot;background_background&quot;:&quot;classic&quot;}\">\n\t\t\t\t\t\t<div class=\"elementor-container elementor-column-gap-default\">\n\t\t\t\t\t<div class=\"elementor-column elementor-col-100 elementor-top-column elementor-element elementor-element-6d9793e\" data-id=\"6d9793e\" data-element_type=\"column\">\n\t\t\t<div class=\"elementor-widget-wrap elementor-element-populated\">\n\t\t\t\t\t\t\t\t<div class=\"elementor-element elementor-element-eee638b elementor-widget elementor-widget-heading\" data-id=\"eee638b\" data-element_type=\"widget\" data-widget_type=\"heading.default\">\n\t\t\t\t<div class=\"elementor-widget-container\">\n\t\t\t<h2 class=\"elementor-heading-title elementor-size-default\">CAREER<\/h2>\t\t<\/div>\n\t\t\t\t<\/div>\n\t\t\t\t<div class=\"elementor-element elementor-element-75fd8de elementor-widget elementor-widget-heading\" data-id=\"75fd8de\" data-element_type=\"widget\" data-widget_type=\"heading.default\">\n\t\t\t\t<div class=\"elementor-widget-container\">\n\t\t\t<h2 class=\"elementor-heading-title elementor-size-default\">APPLICATION FORM<\/h2>\t\t<\/div>\n\t\t\t\t<\/div>\n\t\t\t\t<div class=\"elementor-element elementor-element-2aab1d6 elementor-widget elementor-widget-shortcode\" data-id=\"2aab1d6\" data-element_type=\"widget\" data-widget_type=\"shortcode.default\">\n\t\t\t\t<div class=\"elementor-widget-container\">\n\t\t\t\t\t<div class=\"elementor-shortcode\"><div role=\"form\" class=\"wpcf7\" id=\"wpcf7-f1930-o1\" lang=\"en-US\" dir=\"ltr\">\n<div class=\"screen-reader-response\"><p role=\"status\" aria-live=\"polite\" aria-atomic=\"true\"><\/p> <ul><\/ul><\/div>\n<form action=\"\/en\/wp-json\/wp\/v2\/pages\/2752#wpcf7-f1930-o1\" method=\"post\" class=\"wpcf7-form init\" novalidate=\"novalidate\" data-status=\"init\">\n<div style=\"display: none;\">\n<input type=\"hidden\" name=\"_wpcf7\" value=\"1930\" \/>\n<input type=\"hidden\" name=\"_wpcf7_version\" value=\"5.6.4\" \/>\n<input type=\"hidden\" name=\"_wpcf7_locale\" value=\"en_US\" \/>\n<input type=\"hidden\" name=\"_wpcf7_unit_tag\" value=\"wpcf7-f1930-o1\" \/>\n<input type=\"hidden\" name=\"_wpcf7_container_post\" value=\"0\" \/>\n<input type=\"hidden\" name=\"_wpcf7_posted_data_hash\" value=\"\" \/>\n<input type=\"hidden\" name=\"_wpcf7_recaptcha_response\" value=\"\" \/>\n<\/div>\n<div class=\"row contact_us_form\" action=\"contact_process.php\" method=\"post\" id=\"contactForm\" novalidate=\"novalidate\">\n<div class=\"form-group col-md-6\">\n\t<span class=\"wpcf7-form-control-wrap\" data-name=\"your-name\"><input type=\"text\" name=\"your-name\" value=\"\" size=\"40\" class=\"wpcf7-form-control wpcf7-text wpcf7-validates-as-required form-control\" id=\"name\" aria-required=\"true\" aria-invalid=\"false\" placeholder=\"Name\/surname\" \/><\/span>\n<\/div>\n<div class=\"form-group col-md-6\">\n\t<span class=\"wpcf7-form-control-wrap\" data-name=\"your-number\"><input type=\"text\" name=\"your-number\" value=\"\" size=\"40\" class=\"wpcf7-form-control wpcf7-text wpcf7-validates-as-required form-control\" id=\"number\" aria-required=\"true\" aria-invalid=\"false\" placeholder=\"Phone\" \/><\/span>\n<\/div>\n<div class=\"form-group col-md-6\">\n\t<span class=\"wpcf7-form-control-wrap\" data-name=\"your-email\"><input type=\"email\" name=\"your-email\" value=\"\" size=\"40\" class=\"wpcf7-form-control wpcf7-text wpcf7-email wpcf7-validates-as-required wpcf7-validates-as-email form-control\" id=\"email\" aria-required=\"true\" aria-invalid=\"false\" placeholder=\"E-mail\" \/><\/span>\n<\/div>\n<div class=\"form-group col-md-6\">\n\t<span class=\"wpcf7-form-control-wrap\" data-name=\"your-bday\"><input type=\"text\" name=\"your-bday\" value=\"\" size=\"40\" class=\"wpcf7-form-control wpcf7-text wpcf7-validates-as-required form-control\" id=\"number\" aria-required=\"true\" aria-invalid=\"false\" placeholder=\"Date of birth\" \/><\/span>\n<\/div>\n<div class=\"form-group col-md-6\">\n\t<span class=\"wpcf7-form-control-wrap\" data-name=\"your-gender\"><input type=\"text\" name=\"your-gender\" value=\"\" size=\"40\" class=\"wpcf7-form-control wpcf7-text wpcf7-validates-as-required form-control\" id=\"number\" aria-required=\"true\" aria-invalid=\"false\" placeholder=\"Gender\" \/><\/span>\n<\/div>\n<div class=\"form-group col-md-6\">\n\t<span class=\"wpcf7-form-control-wrap\" data-name=\"your-position\"><input type=\"text\" name=\"your-position\" value=\"\" size=\"40\" class=\"wpcf7-form-control wpcf7-text wpcf7-validates-as-required form-control\" id=\"number\" aria-required=\"true\" aria-invalid=\"false\" placeholder=\"Position to Apply\" \/><\/span>\n<\/div>\n<div class=\"form-group col-md-12\">\n\t<span class=\"wpcf7-form-control-wrap\" data-name=\"your-message\"><textarea name=\"your-message\" cols=\"40\" rows=\"10\" class=\"wpcf7-form-control wpcf7-textarea wpcf7-validates-as-required form-control\" id=\"message\" aria-required=\"true\" aria-invalid=\"false\" placeholder=\"Your Message\"><\/textarea><\/span>\n<\/div>\n<span class=\"wpcf7-form-control-wrap recaptcha\" data-name=\"recaptcha\"><span data-sitekey=\"6LcxOQ0kAAAAANJk37ZKIK1jFrvQoBI2n45xXATO\" class=\"wpcf7-form-control g-recaptcha wpcf7-recaptcha\"><\/span>\r\n<noscript>\r\n\t<div class=\"grecaptcha-noscript\">\r\n\t\t<iframe src=\"https:\/\/www.google.com\/recaptcha\/api\/fallback?k=6LcxOQ0kAAAAANJk37ZKIK1jFrvQoBI2n45xXATO\" frameborder=\"0\" scrolling=\"no\" width=\"310\" height=\"430\">\r\n\t\t<\/iframe>\r\n\t\t<textarea name=\"g-recaptcha-response\" rows=\"3\" cols=\"40\" placeholder=\"reCaptcha Response Here\">\r\n\t\t<\/textarea>\r\n\t<\/div>\r\n<\/noscript>\r\n<\/span>\n<div class=\"form-group col-md-12\">\n\t<input type=\"submit\" value=\"Send\" class=\"wpcf7-form-control has-spinner wpcf7-submit btn submit_btn form-control\" \/>\n<\/div>\n<\/div>\n<div class=\"wpcf7-response-output\" aria-hidden=\"true\"><\/div><\/form><\/div><\/div>\n\t\t\t\t<\/div>\n\t\t\t\t<\/div>\n\t\t\t\t\t<\/div>\n\t\t<\/div>\n\t\t\t\t\t\t\t<\/div>\n\t\t<\/section>\n\t\t\t\t\t\t\t<\/div>\n\t\t","protected":false},"excerpt":{"rendered":"<p>CAREER General Application Position: General Application Employement: Full Time Location: Lord&#8217;s Palace Hotel General Qualities We are looking for team members who are ready to add value to our hotel, which is continuing to progress by creating a difference in the tourism industry. Candidates who will apply will be preferred and evaluated based on their [&hellip;]<\/p>\n","protected":false},"author":1,"featured_media":0,"parent":0,"menu_order":0,"comment_status":"closed","ping_status":"closed","template":"elementor_header_footer","meta":[],"yoast_head":"<!-- This site is optimized with the Yoast SEO Premium plugin v19.1 (Yoast SEO v19.5.1) - https:\/\/yoast.com\/wordpress\/plugins\/seo\/ -->\n<title>General Application - Lord&#039;s Palace Hotel SPA Casino<\/title>\n<meta name=\"robots\" content=\"index, follow, max-snippet:-1, max-image-preview:large, max-video-preview:-1\" \/>\n<link rel=\"canonical\" href=\"https:\/\/lordspalace.com\/en\/general-application\/\" \/>\n<meta property=\"og:locale\" content=\"en_US\" \/>\n<meta property=\"og:type\" content=\"article\" \/>\n<meta property=\"og:title\" content=\"General Application\" \/>\n<meta property=\"og:description\" content=\"CAREER General Application Position: General Application Employement: Full Time Location: Lord&#8217;s Palace Hotel General Qualities We are looking for team members who are ready to add value to our hotel, which is continuing to progress by creating a difference in the tourism industry. Candidates who will apply will be preferred and evaluated based on their [&hellip;]\" \/>\n<meta property=\"og:url\" content=\"https:\/\/lordspalace.com\/en\/general-application\/\" \/>\n<meta property=\"og:site_name\" content=\"Lord&#039;s Palace Hotel SPA Casino\" \/>\n<meta property=\"article:publisher\" content=\"https:\/\/www.facebook.com\/lordspalacehotel\" \/>\n<meta property=\"article:modified_time\" content=\"2023-01-09T12:34:14+00:00\" \/>\n<meta property=\"og:image\" content=\"https:\/\/lordspalace.com\/wp-content\/uploads\/elementor\/thumbs\/lgoo-pyl6ypz16g1ku9btafwyo928mxyf121xblpupfbi74.png\" \/>\n<meta name=\"twitter:card\" content=\"summary_large_image\" \/>\n<meta name=\"twitter:site\" content=\"@lordspalace\" \/>\n<meta name=\"twitter:label1\" content=\"Est. reading time\" \/>\n\t<meta name=\"twitter:data1\" content=\"1 minute\" \/>\n<script type=\"application\/ld+json\" class=\"yoast-schema-graph\">{\"@context\":\"https:\/\/schema.org\",\"@graph\":[{\"@type\":\"WebPage\",\"@id\":\"https:\/\/lordspalace.com\/en\/general-application\/\",\"url\":\"https:\/\/lordspalace.com\/en\/general-application\/\",\"name\":\"General Application - Lord&#039;s Palace Hotel SPA Casino\",\"isPartOf\":{\"@id\":\"https:\/\/lordspalace.com\/#website\"},\"datePublished\":\"2022-12-28T12:36:47+00:00\",\"dateModified\":\"2023-01-09T12:34:14+00:00\",\"breadcrumb\":{\"@id\":\"https:\/\/lordspalace.com\/en\/general-application\/#breadcrumb\"},\"inLanguage\":\"en-US\",\"potentialAction\":[{\"@type\":\"ReadAction\",\"target\":[\"https:\/\/lordspalace.com\/en\/general-application\/\"]}]},{\"@type\":\"BreadcrumbList\",\"@id\":\"https:\/\/lordspalace.com\/en\/general-application\/#breadcrumb\",\"itemListElement\":[{\"@type\":\"ListItem\",\"position\":1,\"name\":\"Home\",\"item\":\"https:\/\/lordspalace.com\/\"},{\"@type\":\"ListItem\",\"position\":2,\"name\":\"General Application\"}]},{\"@type\":\"WebSite\",\"@id\":\"https:\/\/lordspalace.com\/#website\",\"url\":\"https:\/\/lordspalace.com\/\",\"name\":\"Lord&#039;s Palace Hotel SPA Casino\",\"description\":\"K\u0131br\u0131s Otel | 5 Y\u0131ld\u0131zl\u0131\",\"publisher\":{\"@id\":\"https:\/\/lordspalace.com\/#organization\"},\"potentialAction\":[{\"@type\":\"SearchAction\",\"target\":{\"@type\":\"EntryPoint\",\"urlTemplate\":\"https:\/\/lordspalace.com\/?s={search_term_string}\"},\"query-input\":\"required name=search_term_string\"}],\"inLanguage\":\"en-US\"},{\"@type\":\"Organization\",\"@id\":\"https:\/\/lordspalace.com\/#organization\",\"name\":\"Lord's Palace Hotel SPA Casino\",\"url\":\"https:\/\/lordspalace.com\/\",\"sameAs\":[\"https:\/\/www.instagram.com\/hotellordspalace\/\",\"https:\/\/www.facebook.com\/lordspalacehotel\",\"https:\/\/twitter.com\/lordspalace\"],\"logo\":{\"@type\":\"ImageObject\",\"inLanguage\":\"en-US\",\"@id\":\"https:\/\/lordspalace.com\/#\/schema\/logo\/image\/\",\"url\":\"https:\/\/lordspalace.com\/wp-content\/uploads\/2022\/12\/logo-1.jpg\",\"contentUrl\":\"https:\/\/lordspalace.com\/wp-content\/uploads\/2022\/12\/logo-1.jpg\",\"width\":404,\"height\":404,\"caption\":\"Lord's Palace Hotel SPA Casino\"},\"image\":{\"@id\":\"https:\/\/lordspalace.com\/#\/schema\/logo\/image\/\"}}]}<\/script>\n<!-- \/ Yoast SEO Premium plugin. -->","yoast_head_json":{"title":"General Application - Lord&#039;s Palace Hotel SPA Casino","robots":{"index":"index","follow":"follow","max-snippet":"max-snippet:-1","max-image-preview":"max-image-preview:large","max-video-preview":"max-video-preview:-1"},"canonical":"https:\/\/lordspalace.com\/en\/general-application\/","og_locale":"en_US","og_type":"article","og_title":"General Application","og_description":"CAREER General Application Position: General Application Employement: Full Time Location: Lord&#8217;s Palace Hotel General Qualities We are looking for team members who are ready to add value to our hotel, which is continuing to progress by creating a difference in the tourism industry. Candidates who will apply will be preferred and evaluated based on their [&hellip;]","og_url":"https:\/\/lordspalace.com\/en\/general-application\/","og_site_name":"Lord&#039;s Palace Hotel SPA Casino","article_publisher":"https:\/\/www.facebook.com\/lordspalacehotel","article_modified_time":"2023-01-09T12:34:14+00:00","og_image":[{"url":"https:\/\/lordspalace.com\/wp-content\/uploads\/elementor\/thumbs\/lgoo-pyl6ypz16g1ku9btafwyo928mxyf121xblpupfbi74.png"}],"twitter_card":"summary_large_image","twitter_site":"@lordspalace","twitter_misc":{"Est. reading time":"1 minute"},"schema":{"@context":"https:\/\/schema.org","@graph":[{"@type":"WebPage","@id":"https:\/\/lordspalace.com\/en\/general-application\/","url":"https:\/\/lordspalace.com\/en\/general-application\/","name":"General Application - Lord&#039;s Palace Hotel SPA Casino","isPartOf":{"@id":"https:\/\/lordspalace.com\/#website"},"datePublished":"2022-12-28T12:36:47+00:00","dateModified":"2023-01-09T12:34:14+00:00","breadcrumb":{"@id":"https:\/\/lordspalace.com\/en\/general-application\/#breadcrumb"},"inLanguage":"en-US","potentialAction":[{"@type":"ReadAction","target":["https:\/\/lordspalace.com\/en\/general-application\/"]}]},{"@type":"BreadcrumbList","@id":"https:\/\/lordspalace.com\/en\/general-application\/#breadcrumb","itemListElement":[{"@type":"ListItem","position":1,"name":"Home","item":"https:\/\/lordspalace.com\/"},{"@type":"ListItem","position":2,"name":"General Application"}]},{"@type":"WebSite","@id":"https:\/\/lordspalace.com\/#website","url":"https:\/\/lordspalace.com\/","name":"Lord&#039;s Palace Hotel SPA Casino","description":"K\u0131br\u0131s Otel | 5 Y\u0131ld\u0131zl\u0131","publisher":{"@id":"https:\/\/lordspalace.com\/#organization"},"potentialAction":[{"@type":"SearchAction","target":{"@type":"EntryPoint","urlTemplate":"https:\/\/lordspalace.com\/?s={search_term_string}"},"query-input":"required name=search_term_string"}],"inLanguage":"en-US"},{"@type":"Organization","@id":"https:\/\/lordspalace.com\/#organization","name":"Lord's Palace Hotel SPA Casino","url":"https:\/\/lordspalace.com\/","sameAs":["https:\/\/www.instagram.com\/hotellordspalace\/","https:\/\/www.facebook.com\/lordspalacehotel","https:\/\/twitter.com\/lordspalace"],"logo":{"@type":"ImageObject","inLanguage":"en-US","@id":"https:\/\/lordspalace.com\/#\/schema\/logo\/image\/","url":"https:\/\/lordspalace.com\/wp-content\/uploads\/2022\/12\/logo-1.jpg","contentUrl":"https:\/\/lordspalace.com\/wp-content\/uploads\/2022\/12\/logo-1.jpg","width":404,"height":404,"caption":"Lord's Palace Hotel SPA Casino"},"image":{"@id":"https:\/\/lordspalace.com\/#\/schema\/logo\/image\/"}}]}},"_links":{"self":[{"href":"https:\/\/lordspalace.com\/en\/wp-json\/wp\/v2\/pages\/2752"}],"collection":[{"href":"https:\/\/lordspalace.com\/en\/wp-json\/wp\/v2\/pages"}],"about":[{"href":"https:\/\/lordspalace.com\/en\/wp-json\/wp\/v2\/types\/page"}],"author":[{"embeddable":true,"href":"https:\/\/lordspalace.com\/en\/wp-json\/wp\/v2\/users\/1"}],"replies":[{"embeddable":true,"href":"https:\/\/lordspalace.com\/en\/wp-json\/wp\/v2\/comments?post=2752"}],"version-history":[{"count":0,"href":"https:\/\/lordspalace.com\/en\/wp-json\/wp\/v2\/pages\/2752\/revisions"}],"wp:attachment":[{"href":"https:\/\/lordspalace.com\/en\/wp-json\/wp\/v2\/media?parent=2752"}],"curies":[{"name":"wp","href":"https:\/\/api.w.org\/{rel}","templated":true}]}}