{"id":1980,"date":"2022-12-16T18:02:01","date_gmt":"2022-12-16T15:02:01","guid":{"rendered":"http:\/\/lordspalace.com\/career-2\/"},"modified":"2025-04-05T17:35:10","modified_gmt":"2025-04-05T14:35:10","slug":"career","status":"publish","type":"page","link":"https:\/\/lordspalace.com\/en\/career\/","title":{"rendered":"Career"},"content":{"rendered":"\t\t<div data-elementor-type=\"wp-page\" data-elementor-id=\"1980\" class=\"elementor elementor-1980\">\n\t\t\t\t\t\t\t\t\t<section class=\"elementor-section elementor-top-section elementor-element elementor-element-cbb8767 elementor-section-boxed elementor-section-height-default elementor-section-height-default\" data-id=\"cbb8767\" data-element_type=\"section\">\n\t\t\t\t\t\t<div class=\"elementor-container elementor-column-gap-default\">\n\t\t\t\t\t<div class=\"elementor-column elementor-col-100 elementor-top-column elementor-element elementor-element-0cabdd1\" data-id=\"0cabdd1\" data-element_type=\"column\">\n\t\t\t<div class=\"elementor-widget-wrap elementor-element-populated\">\n\t\t\t\t\t\t\t\t<div class=\"elementor-element elementor-element-cac1ecb elementor-widget elementor-widget-spacer\" data-id=\"cac1ecb\" data-element_type=\"widget\" data-widget_type=\"spacer.default\">\n\t\t\t\t<div class=\"elementor-widget-container\">\n\t\t\t<style>\/*! elementor - v3.8.1 - 13-11-2022 *\/\n.elementor-column .elementor-spacer-inner{height:var(--spacer-size)}.e-con{--container-widget-width:100%}.e-con-inner>.elementor-widget-spacer,.e-con>.elementor-widget-spacer{width:var(--container-widget-width,var(--spacer-size));-ms-flex-item-align:stretch;align-self:stretch;-ms-flex-negative:0;flex-shrink:0}.e-con-inner>.elementor-widget-spacer>.elementor-widget-container,.e-con-inner>.elementor-widget-spacer>.elementor-widget-container>.elementor-spacer,.e-con>.elementor-widget-spacer>.elementor-widget-container,.e-con>.elementor-widget-spacer>.elementor-widget-container>.elementor-spacer{height:100%}.e-con-inner>.elementor-widget-spacer>.elementor-widget-container>.elementor-spacer>.elementor-spacer-inner,.e-con>.elementor-widget-spacer>.elementor-widget-container>.elementor-spacer>.elementor-spacer-inner{height:var(--container-widget-height,var(--spacer-size))}<\/style>\t\t<div class=\"elementor-spacer\">\n\t\t\t<div class=\"elementor-spacer-inner\"><\/div>\n\t\t<\/div>\n\t\t\t\t<\/div>\n\t\t\t\t<\/div>\n\t\t\t\t<div class=\"elementor-element elementor-element-e5b8198 elementor-widget elementor-widget-heading\" data-id=\"e5b8198\" data-element_type=\"widget\" data-widget_type=\"heading.default\">\n\t\t\t\t<div class=\"elementor-widget-container\">\n\t\t\t<style>\/*! elementor - v3.8.1 - 13-11-2022 *\/\n.elementor-heading-title{padding:0;margin:0;line-height:1}.elementor-widget-heading .elementor-heading-title[class*=elementor-size-]>a{color:inherit;font-size:inherit;line-height:inherit}.elementor-widget-heading .elementor-heading-title.elementor-size-small{font-size:15px}.elementor-widget-heading .elementor-heading-title.elementor-size-medium{font-size:19px}.elementor-widget-heading .elementor-heading-title.elementor-size-large{font-size:29px}.elementor-widget-heading .elementor-heading-title.elementor-size-xl{font-size:39px}.elementor-widget-heading .elementor-heading-title.elementor-size-xxl{font-size:59px}<\/style><h2 class=\"elementor-heading-title elementor-size-default\">Career<\/h2>\t\t<\/div>\n\t\t\t\t<\/div>\n\t\t\t\t\t<\/div>\n\t\t<\/div>\n\t\t\t\t\t\t\t<\/div>\n\t\t<\/section>\n\t\t\t\t<section class=\"elementor-section elementor-top-section elementor-element elementor-element-7e4f9c6 elementor-section-boxed elementor-section-height-default elementor-section-height-default\" data-id=\"7e4f9c6\" data-element_type=\"section\">\n\t\t\t\t\t\t<div class=\"elementor-container elementor-column-gap-default\">\n\t\t\t\t\t<div class=\"elementor-column elementor-col-100 elementor-top-column elementor-element elementor-element-b446a3d\" data-id=\"b446a3d\" data-element_type=\"column\">\n\t\t\t<div class=\"elementor-widget-wrap elementor-element-populated\">\n\t\t\t\t\t\t\t\t<div class=\"elementor-element elementor-element-df30907 elementor-widget elementor-widget-image\" data-id=\"df30907\" data-element_type=\"widget\" data-widget_type=\"image.default\">\n\t\t\t\t<div class=\"elementor-widget-container\">\n\t\t\t<style>\/*! elementor - v3.8.1 - 13-11-2022 *\/\n.elementor-widget-image{text-align:center}.elementor-widget-image a{display:inline-block}.elementor-widget-image a img[src$=\".svg\"]{width:48px}.elementor-widget-image img{vertical-align:middle;display:inline-block}<\/style>\t\t\t\t\t\t\t\t\t\t\t\t<img width=\"2000\" height=\"2500\" src=\"https:\/\/lordspalace.com\/wp-content\/uploads\/2025\/04\/en-beraber-c\u0327alis\u0327alim.jpg\" class=\"attachment-full size-full\" alt=\"\" srcset=\"https:\/\/lordspalace.com\/wp-content\/uploads\/2025\/04\/en-beraber-c\u0327alis\u0327alim.jpg 2000w, https:\/\/lordspalace.com\/wp-content\/uploads\/2025\/04\/en-beraber-c\u0327alis\u0327alim-240x300.jpg 240w, https:\/\/lordspalace.com\/wp-content\/uploads\/2025\/04\/en-beraber-c\u0327alis\u0327alim-819x1024.jpg 819w, https:\/\/lordspalace.com\/wp-content\/uploads\/2025\/04\/en-beraber-c\u0327alis\u0327alim-768x960.jpg 768w, https:\/\/lordspalace.com\/wp-content\/uploads\/2025\/04\/en-beraber-c\u0327alis\u0327alim-1229x1536.jpg 1229w, https:\/\/lordspalace.com\/wp-content\/uploads\/2025\/04\/en-beraber-c\u0327alis\u0327alim-1638x2048.jpg 1638w\" sizes=\"(max-width: 2000px) 100vw, 2000px\" \/>\t\t\t\t\t\t\t\t\t\t\t\t\t\t\t<\/div>\n\t\t\t\t<\/div>\n\t\t\t\t<div class=\"elementor-element elementor-element-d5b1ec0 elementor-align-center elementor-widget elementor-widget-button\" data-id=\"d5b1ec0\" data-element_type=\"widget\" data-widget_type=\"button.default\">\n\t\t\t\t<div class=\"elementor-widget-container\">\n\t\t\t\t\t<div class=\"elementor-button-wrapper\">\n\t\t\t<a href=\"https:\/\/kariyer.lordspalacehotels.com\" class=\"elementor-button-link elementor-button elementor-size-md\" role=\"button\">\n\t\t\t\t\t\t<span class=\"elementor-button-content-wrapper\">\n\t\t\t\t\t\t<span class=\"elementor-button-text\">APPLY<\/span>\n\t\t<\/span>\n\t\t\t\t\t<\/a>\n\t\t<\/div>\n\t\t\t\t<\/div>\n\t\t\t\t<\/div>\n\t\t\t\t\t<\/div>\n\t\t<\/div>\n\t\t\t\t\t\t\t<\/div>\n\t\t<\/section>\n\t\t\t\t\t\t\t<\/div>\n\t\t","protected":false},"excerpt":{"rendered":"<p>Career APPLY<\/p>\n","protected":false},"author":1,"featured_media":0,"parent":0,"menu_order":0,"comment_status":"closed","ping_status":"closed","template":"elementor_header_footer","meta":[],"yoast_head":"<!-- This site is optimized with the Yoast SEO Premium plugin v19.1 (Yoast SEO v19.5.1) - https:\/\/yoast.com\/wordpress\/plugins\/seo\/ -->\n<title>Career - Lord&#039;s Palace Hotel SPA Casino<\/title>\n<meta name=\"robots\" content=\"index, follow, max-snippet:-1, max-image-preview:large, max-video-preview:-1\" \/>\n<link rel=\"canonical\" href=\"https:\/\/lordspalace.com\/kariyer\/\" \/>\n<meta property=\"og:locale\" content=\"en_US\" \/>\n<meta property=\"og:type\" content=\"article\" \/>\n<meta property=\"og:title\" content=\"Career\" \/>\n<meta property=\"og:description\" content=\"Career APPLY\" \/>\n<meta property=\"og:url\" content=\"https:\/\/lordspalace.com\/kariyer\/\" \/>\n<meta property=\"og:site_name\" content=\"Lord&#039;s Palace Hotel SPA Casino\" \/>\n<meta property=\"article:publisher\" content=\"https:\/\/www.facebook.com\/lordspalacehotel\" \/>\n<meta property=\"article:modified_time\" content=\"2025-04-05T14:35:10+00:00\" \/>\n<meta name=\"twitter:card\" content=\"summary_large_image\" \/>\n<meta name=\"twitter:site\" content=\"@lordspalace\" \/>\n<meta name=\"twitter:label1\" content=\"Est. reading time\" \/>\n\t<meta name=\"twitter:data1\" content=\"1 minute\" \/>\n<script type=\"application\/ld+json\" class=\"yoast-schema-graph\">{\"@context\":\"https:\/\/schema.org\",\"@graph\":[{\"@type\":\"WebPage\",\"@id\":\"https:\/\/lordspalace.com\/kariyer\/\",\"url\":\"https:\/\/lordspalace.com\/kariyer\/\",\"name\":\"Career - Lord&#039;s Palace Hotel SPA Casino\",\"isPartOf\":{\"@id\":\"https:\/\/lordspalace.com\/#website\"},\"datePublished\":\"2022-12-16T15:02:01+00:00\",\"dateModified\":\"2025-04-05T14:35:10+00:00\",\"breadcrumb\":{\"@id\":\"https:\/\/lordspalace.com\/kariyer\/#breadcrumb\"},\"inLanguage\":\"en-US\",\"potentialAction\":[{\"@type\":\"ReadAction\",\"target\":[\"https:\/\/lordspalace.com\/kariyer\/\"]}]},{\"@type\":\"BreadcrumbList\",\"@id\":\"https:\/\/lordspalace.com\/kariyer\/#breadcrumb\",\"itemListElement\":[{\"@type\":\"ListItem\",\"position\":1,\"name\":\"Home\",\"item\":\"https:\/\/lordspalace.com\/\"},{\"@type\":\"ListItem\",\"position\":2,\"name\":\"Career\"}]},{\"@type\":\"WebSite\",\"@id\":\"https:\/\/lordspalace.com\/#website\",\"url\":\"https:\/\/lordspalace.com\/\",\"name\":\"Lord&#039;s Palace Hotel SPA Casino\",\"description\":\"K\u0131br\u0131s Otel | 5 Y\u0131ld\u0131zl\u0131\",\"publisher\":{\"@id\":\"https:\/\/lordspalace.com\/#organization\"},\"potentialAction\":[{\"@type\":\"SearchAction\",\"target\":{\"@type\":\"EntryPoint\",\"urlTemplate\":\"https:\/\/lordspalace.com\/?s={search_term_string}\"},\"query-input\":\"required name=search_term_string\"}],\"inLanguage\":\"en-US\"},{\"@type\":\"Organization\",\"@id\":\"https:\/\/lordspalace.com\/#organization\",\"name\":\"Lord's Palace Hotel SPA Casino\",\"url\":\"https:\/\/lordspalace.com\/\",\"sameAs\":[\"https:\/\/www.instagram.com\/hotellordspalace\/\",\"https:\/\/www.facebook.com\/lordspalacehotel\",\"https:\/\/twitter.com\/lordspalace\"],\"logo\":{\"@type\":\"ImageObject\",\"inLanguage\":\"en-US\",\"@id\":\"https:\/\/lordspalace.com\/#\/schema\/logo\/image\/\",\"url\":\"https:\/\/lordspalace.com\/wp-content\/uploads\/2022\/12\/logo-1.jpg\",\"contentUrl\":\"https:\/\/lordspalace.com\/wp-content\/uploads\/2022\/12\/logo-1.jpg\",\"width\":404,\"height\":404,\"caption\":\"Lord's Palace Hotel SPA Casino\"},\"image\":{\"@id\":\"https:\/\/lordspalace.com\/#\/schema\/logo\/image\/\"}}]}<\/script>\n<!-- \/ Yoast SEO Premium plugin. -->","yoast_head_json":{"title":"Career - Lord&#039;s Palace Hotel SPA Casino","robots":{"index":"index","follow":"follow","max-snippet":"max-snippet:-1","max-image-preview":"max-image-preview:large","max-video-preview":"max-video-preview:-1"},"canonical":"https:\/\/lordspalace.com\/kariyer\/","og_locale":"en_US","og_type":"article","og_title":"Career","og_description":"Career APPLY","og_url":"https:\/\/lordspalace.com\/kariyer\/","og_site_name":"Lord&#039;s Palace Hotel SPA Casino","article_publisher":"https:\/\/www.facebook.com\/lordspalacehotel","article_modified_time":"2025-04-05T14:35:10+00:00","twitter_card":"summary_large_image","twitter_site":"@lordspalace","twitter_misc":{"Est. reading time":"1 minute"},"schema":{"@context":"https:\/\/schema.org","@graph":[{"@type":"WebPage","@id":"https:\/\/lordspalace.com\/kariyer\/","url":"https:\/\/lordspalace.com\/kariyer\/","name":"Career - Lord&#039;s Palace Hotel SPA Casino","isPartOf":{"@id":"https:\/\/lordspalace.com\/#website"},"datePublished":"2022-12-16T15:02:01+00:00","dateModified":"2025-04-05T14:35:10+00:00","breadcrumb":{"@id":"https:\/\/lordspalace.com\/kariyer\/#breadcrumb"},"inLanguage":"en-US","potentialAction":[{"@type":"ReadAction","target":["https:\/\/lordspalace.com\/kariyer\/"]}]},{"@type":"BreadcrumbList","@id":"https:\/\/lordspalace.com\/kariyer\/#breadcrumb","itemListElement":[{"@type":"ListItem","position":1,"name":"Home","item":"https:\/\/lordspalace.com\/"},{"@type":"ListItem","position":2,"name":"Career"}]},{"@type":"WebSite","@id":"https:\/\/lordspalace.com\/#website","url":"https:\/\/lordspalace.com\/","name":"Lord&#039;s Palace Hotel SPA Casino","description":"K\u0131br\u0131s Otel | 5 Y\u0131ld\u0131zl\u0131","publisher":{"@id":"https:\/\/lordspalace.com\/#organization"},"potentialAction":[{"@type":"SearchAction","target":{"@type":"EntryPoint","urlTemplate":"https:\/\/lordspalace.com\/?s={search_term_string}"},"query-input":"required name=search_term_string"}],"inLanguage":"en-US"},{"@type":"Organization","@id":"https:\/\/lordspalace.com\/#organization","name":"Lord's Palace Hotel SPA Casino","url":"https:\/\/lordspalace.com\/","sameAs":["https:\/\/www.instagram.com\/hotellordspalace\/","https:\/\/www.facebook.com\/lordspalacehotel","https:\/\/twitter.com\/lordspalace"],"logo":{"@type":"ImageObject","inLanguage":"en-US","@id":"https:\/\/lordspalace.com\/#\/schema\/logo\/image\/","url":"https:\/\/lordspalace.com\/wp-content\/uploads\/2022\/12\/logo-1.jpg","contentUrl":"https:\/\/lordspalace.com\/wp-content\/uploads\/2022\/12\/logo-1.jpg","width":404,"height":404,"caption":"Lord's Palace Hotel SPA Casino"},"image":{"@id":"https:\/\/lordspalace.com\/#\/schema\/logo\/image\/"}}]}},"_links":{"self":[{"href":"https:\/\/lordspalace.com\/en\/wp-json\/wp\/v2\/pages\/1980"}],"collection":[{"href":"https:\/\/lordspalace.com\/en\/wp-json\/wp\/v2\/pages"}],"about":[{"href":"https:\/\/lordspalace.com\/en\/wp-json\/wp\/v2\/types\/page"}],"author":[{"embeddable":true,"href":"https:\/\/lordspalace.com\/en\/wp-json\/wp\/v2\/users\/1"}],"replies":[{"embeddable":true,"href":"https:\/\/lordspalace.com\/en\/wp-json\/wp\/v2\/comments?post=1980"}],"version-history":[{"count":0,"href":"https:\/\/lordspalace.com\/en\/wp-json\/wp\/v2\/pages\/1980\/revisions"}],"wp:attachment":[{"href":"https:\/\/lordspalace.com\/en\/wp-json\/wp\/v2\/media?parent=1980"}],"curies":[{"name":"wp","href":"https:\/\/api.w.org\/{rel}","templated":true}]}}