{"id":1429,"date":"2022-11-13T18:01:32","date_gmt":"2022-11-13T15:01:32","guid":{"rendered":"http:\/\/lordspalace.com\/spa\/"},"modified":"2026-01-14T11:03:00","modified_gmt":"2026-01-14T08:03:00","slug":"spa-2","status":"publish","type":"page","link":"https:\/\/lordspalace.com\/en\/spa-2\/","title":{"rendered":"SPA"},"content":{"rendered":"\t\t<div data-elementor-type=\"wp-page\" data-elementor-id=\"1429\" class=\"elementor elementor-1429\">\n\t\t\t\t\t\t\t\t\t<section class=\"elementor-section elementor-top-section elementor-element elementor-element-ce1ebe8 elementor-section-full_width elementor-section-height-default elementor-section-height-default\" data-id=\"ce1ebe8\" data-element_type=\"section\">\n\t\t\t\t\t\t<div class=\"elementor-container elementor-column-gap-no\">\n\t\t\t\t\t<div class=\"elementor-column elementor-col-100 elementor-top-column elementor-element elementor-element-536cd31\" data-id=\"536cd31\" data-element_type=\"column\">\n\t\t\t<div class=\"elementor-widget-wrap elementor-element-populated\">\n\t\t\t\t\t\t\t\t<div class=\"elementor-element elementor-element-e02afd7 elementor-widget elementor-widget-text-editor\" data-id=\"e02afd7\" data-element_type=\"widget\" data-widget_type=\"text-editor.default\">\n\t\t\t\t<div class=\"elementor-widget-container\">\n\t\t\t<style>\/*! elementor - v3.8.1 - 13-11-2022 *\/\n.elementor-widget-text-editor.elementor-drop-cap-view-stacked .elementor-drop-cap{background-color:#818a91;color:#fff}.elementor-widget-text-editor.elementor-drop-cap-view-framed .elementor-drop-cap{color:#818a91;border:3px solid;background-color:transparent}.elementor-widget-text-editor:not(.elementor-drop-cap-view-default) .elementor-drop-cap{margin-top:8px}.elementor-widget-text-editor:not(.elementor-drop-cap-view-default) .elementor-drop-cap-letter{width:1em;height:1em}.elementor-widget-text-editor .elementor-drop-cap{float:left;text-align:center;line-height:1;font-size:50px}.elementor-widget-text-editor .elementor-drop-cap-letter{display:inline-block}<\/style>\t\t\t\t\t\t\t\t\t\t<\/div>\n\t\t\t\t<\/div>\n\t\t\t\t\t<\/div>\n\t\t<\/div>\n\t\t\t\t\t\t\t<\/div>\n\t\t<\/section>\n\t\t\t\t<section class=\"elementor-section elementor-top-section elementor-element elementor-element-395f296 elementor-section-boxed elementor-section-height-default elementor-section-height-default\" data-id=\"395f296\" data-element_type=\"section\" data-settings=\"{&quot;background_background&quot;:&quot;classic&quot;}\">\n\t\t\t\t\t\t<div class=\"elementor-container elementor-column-gap-default\">\n\t\t\t\t\t<div class=\"elementor-column elementor-col-100 elementor-top-column elementor-element elementor-element-1261031\" data-id=\"1261031\" data-element_type=\"column\">\n\t\t\t<div class=\"elementor-widget-wrap elementor-element-populated\">\n\t\t\t\t\t\t\t\t<div class=\"elementor-element elementor-element-58ce24e elementor-widget elementor-widget-heading\" data-id=\"58ce24e\" data-element_type=\"widget\" data-widget_type=\"heading.default\">\n\t\t\t\t<div class=\"elementor-widget-container\">\n\t\t\t<style>\/*! elementor - v3.8.1 - 13-11-2022 *\/\n.elementor-heading-title{padding:0;margin:0;line-height:1}.elementor-widget-heading .elementor-heading-title[class*=elementor-size-]>a{color:inherit;font-size:inherit;line-height:inherit}.elementor-widget-heading .elementor-heading-title.elementor-size-small{font-size:15px}.elementor-widget-heading .elementor-heading-title.elementor-size-medium{font-size:19px}.elementor-widget-heading .elementor-heading-title.elementor-size-large{font-size:29px}.elementor-widget-heading .elementor-heading-title.elementor-size-xl{font-size:39px}.elementor-widget-heading .elementor-heading-title.elementor-size-xxl{font-size:59px}<\/style><h2 class=\"elementor-heading-title elementor-size-default\">LORD'S PALACE SPA<\/h2>\t\t<\/div>\n\t\t\t\t<\/div>\n\t\t\t\t<div class=\"elementor-element elementor-element-0ba7c08 elementor-widget elementor-widget-heading\" data-id=\"0ba7c08\" data-element_type=\"widget\" data-widget_type=\"heading.default\">\n\t\t\t\t<div class=\"elementor-widget-container\">\n\t\t\t<h2 class=\"elementor-heading-title elementor-size-default\">You will experience serenity here, our flaw.<\/h2>\t\t<\/div>\n\t\t\t\t<\/div>\n\t\t\t\t\t<\/div>\n\t\t<\/div>\n\t\t\t\t\t\t\t<\/div>\n\t\t<\/section>\n\t\t\t\t<section class=\"elementor-section elementor-top-section elementor-element elementor-element-919ff41 elementor-section-boxed elementor-section-height-default elementor-section-height-default\" data-id=\"919ff41\" data-element_type=\"section\">\n\t\t\t\t\t\t<div class=\"elementor-container elementor-column-gap-default\">\n\t\t\t\t\t<div class=\"elementor-column elementor-col-50 elementor-top-column elementor-element elementor-element-59158d9\" data-id=\"59158d9\" data-element_type=\"column\">\n\t\t\t<div class=\"elementor-widget-wrap elementor-element-populated\">\n\t\t\t\t\t\t\t\t<div class=\"elementor-element elementor-element-bd2d98e elementor-widget elementor-widget-image\" data-id=\"bd2d98e\" data-element_type=\"widget\" data-widget_type=\"image.default\">\n\t\t\t\t<div class=\"elementor-widget-container\">\n\t\t\t<style>\/*! elementor - v3.8.1 - 13-11-2022 *\/\n.elementor-widget-image{text-align:center}.elementor-widget-image a{display:inline-block}.elementor-widget-image a img[src$=\".svg\"]{width:48px}.elementor-widget-image img{vertical-align:middle;display:inline-block}<\/style>\t\t\t\t\t\t\t\t\t\t\t\t<img width=\"1365\" height=\"2048\" src=\"https:\/\/lordspalace.com\/wp-content\/uploads\/2024\/05\/lords_palace_spa_28_12_2021-45.jpg\" class=\"attachment-full size-full\" alt=\"\" srcset=\"https:\/\/lordspalace.com\/wp-content\/uploads\/2024\/05\/lords_palace_spa_28_12_2021-45.jpg 1365w, https:\/\/lordspalace.com\/wp-content\/uploads\/2024\/05\/lords_palace_spa_28_12_2021-45-200x300.jpg 200w, https:\/\/lordspalace.com\/wp-content\/uploads\/2024\/05\/lords_palace_spa_28_12_2021-45-683x1024.jpg 683w, https:\/\/lordspalace.com\/wp-content\/uploads\/2024\/05\/lords_palace_spa_28_12_2021-45-768x1152.jpg 768w, https:\/\/lordspalace.com\/wp-content\/uploads\/2024\/05\/lords_palace_spa_28_12_2021-45-1024x1536.jpg 1024w\" sizes=\"(max-width: 1365px) 100vw, 1365px\" \/>\t\t\t\t\t\t\t\t\t\t\t\t\t\t\t<\/div>\n\t\t\t\t<\/div>\n\t\t\t\t\t<\/div>\n\t\t<\/div>\n\t\t\t\t<div class=\"elementor-column elementor-col-50 elementor-top-column elementor-element elementor-element-98e2a47\" data-id=\"98e2a47\" data-element_type=\"column\">\n\t\t\t<div class=\"elementor-widget-wrap elementor-element-populated\">\n\t\t\t\t\t\t\t\t<div class=\"elementor-element elementor-element-3c96fa3 elementor-widget elementor-widget-heading\" data-id=\"3c96fa3\" data-element_type=\"widget\" data-widget_type=\"heading.default\">\n\t\t\t\t<div class=\"elementor-widget-container\">\n\t\t\t<h2 class=\"elementor-heading-title elementor-size-default\">Massages<\/h2>\t\t<\/div>\n\t\t\t\t<\/div>\n\t\t\t\t<div class=\"elementor-element elementor-element-e82f3a9 elementor-widget elementor-widget-text-editor\" data-id=\"e82f3a9\" data-element_type=\"widget\" data-widget_type=\"text-editor.default\">\n\t\t\t\t<div class=\"elementor-widget-container\">\n\t\t\t\t\t\t\t<p>Our massages, designed specifically to create a personalized experience using specially designed oils, offer our guests the most valuable luxury. While relaxing your body, it provides an environment where you can also listen to your soul.<\/p>\t\t\t\t\t\t<\/div>\n\t\t\t\t<\/div>\n\t\t\t\t<div class=\"elementor-element elementor-element-6e411a9 elementor-align-left elementor-widget elementor-widget-button\" data-id=\"6e411a9\" data-element_type=\"widget\" data-widget_type=\"button.default\">\n\t\t\t\t<div class=\"elementor-widget-container\">\n\t\t\t\t\t<div class=\"elementor-button-wrapper\">\n\t\t\t<a href=\"http:\/\/menulordspalace.com\/spa\/\" class=\"elementor-button-link elementor-button elementor-size-md\" role=\"button\">\n\t\t\t\t\t\t<span class=\"elementor-button-content-wrapper\">\n\t\t\t\t\t\t<span class=\"elementor-button-text\">INFO & RESERVATION<\/span>\n\t\t<\/span>\n\t\t\t\t\t<\/a>\n\t\t<\/div>\n\t\t\t\t<\/div>\n\t\t\t\t<\/div>\n\t\t\t\t\t<\/div>\n\t\t<\/div>\n\t\t\t\t\t\t\t<\/div>\n\t\t<\/section>\n\t\t\t\t<section class=\"elementor-section elementor-top-section elementor-element elementor-element-d130a6a elementor-section-boxed elementor-section-height-default elementor-section-height-default\" data-id=\"d130a6a\" data-element_type=\"section\">\n\t\t\t\t\t\t<div class=\"elementor-container elementor-column-gap-default\">\n\t\t\t\t\t<div class=\"elementor-column elementor-col-50 elementor-top-column elementor-element elementor-element-3e2e49d\" data-id=\"3e2e49d\" data-element_type=\"column\">\n\t\t\t<div class=\"elementor-widget-wrap elementor-element-populated\">\n\t\t\t\t\t\t\t\t<div class=\"elementor-element elementor-element-31cb29e elementor-widget elementor-widget-heading\" data-id=\"31cb29e\" data-element_type=\"widget\" data-widget_type=\"heading.default\">\n\t\t\t\t<div class=\"elementor-widget-container\">\n\t\t\t<h2 class=\"elementor-heading-title elementor-size-default\">Hammam<\/h2>\t\t<\/div>\n\t\t\t\t<\/div>\n\t\t\t\t<div class=\"elementor-element elementor-element-4607c69 elementor-widget elementor-widget-text-editor\" data-id=\"4607c69\" data-element_type=\"widget\" data-widget_type=\"text-editor.default\">\n\t\t\t\t<div class=\"elementor-widget-container\">\n\t\t\t\t\t\t\t<p>Indulge in the traditional Turkish bath culture while experiencing the quality of Lord&#8217;s Palace Hotel at the Classic Turkish Hamam.<\/p>\t\t\t\t\t\t<\/div>\n\t\t\t\t<\/div>\n\t\t\t\t<div class=\"elementor-element elementor-element-90627fb elementor-align-left elementor-widget elementor-widget-button\" data-id=\"90627fb\" data-element_type=\"widget\" data-widget_type=\"button.default\">\n\t\t\t\t<div class=\"elementor-widget-container\">\n\t\t\t\t\t<div class=\"elementor-button-wrapper\">\n\t\t\t<a href=\"http:\/\/menulordspalace.com\/spa\/\" class=\"elementor-button-link elementor-button elementor-size-md\" role=\"button\">\n\t\t\t\t\t\t<span class=\"elementor-button-content-wrapper\">\n\t\t\t\t\t\t<span class=\"elementor-button-text\">INFO & RESERVATION<\/span>\n\t\t<\/span>\n\t\t\t\t\t<\/a>\n\t\t<\/div>\n\t\t\t\t<\/div>\n\t\t\t\t<\/div>\n\t\t\t\t\t<\/div>\n\t\t<\/div>\n\t\t\t\t<div class=\"elementor-column elementor-col-50 elementor-top-column elementor-element elementor-element-d63236a\" data-id=\"d63236a\" data-element_type=\"column\">\n\t\t\t<div class=\"elementor-widget-wrap elementor-element-populated\">\n\t\t\t\t\t\t\t\t<div class=\"elementor-element elementor-element-0a0a1e1 elementor-widget elementor-widget-image\" data-id=\"0a0a1e1\" data-element_type=\"widget\" data-widget_type=\"image.default\">\n\t\t\t\t<div class=\"elementor-widget-container\">\n\t\t\t\t\t\t\t\t\t\t\t\t\t\t\t<img width=\"673\" height=\"587\" src=\"https:\/\/lordspalace.com\/wp-content\/uploads\/2022\/11\/Untitled-2-6.jpg\" class=\"attachment-full size-full\" alt=\"\" srcset=\"https:\/\/lordspalace.com\/wp-content\/uploads\/2022\/11\/Untitled-2-6.jpg 673w, https:\/\/lordspalace.com\/wp-content\/uploads\/2022\/11\/Untitled-2-6-300x262.jpg 300w\" sizes=\"(max-width: 673px) 100vw, 673px\" \/>\t\t\t\t\t\t\t\t\t\t\t\t\t\t\t<\/div>\n\t\t\t\t<\/div>\n\t\t\t\t\t<\/div>\n\t\t<\/div>\n\t\t\t\t\t\t\t<\/div>\n\t\t<\/section>\n\t\t\t\t<section class=\"elementor-section elementor-top-section elementor-element elementor-element-f3ca42f elementor-section-boxed elementor-section-height-default elementor-section-height-default\" data-id=\"f3ca42f\" data-element_type=\"section\">\n\t\t\t\t\t\t<div class=\"elementor-container elementor-column-gap-default\">\n\t\t\t\t\t<div class=\"elementor-column elementor-col-50 elementor-top-column elementor-element elementor-element-b0634c5\" data-id=\"b0634c5\" data-element_type=\"column\">\n\t\t\t<div class=\"elementor-widget-wrap elementor-element-populated\">\n\t\t\t\t\t\t\t\t<div class=\"elementor-element elementor-element-82792f2 elementor-widget elementor-widget-image\" data-id=\"82792f2\" data-element_type=\"widget\" data-widget_type=\"image.default\">\n\t\t\t\t<div class=\"elementor-widget-container\">\n\t\t\t\t\t\t\t\t\t\t\t\t\t\t\t<img width=\"673\" height=\"587\" src=\"https:\/\/lordspalace.com\/wp-content\/uploads\/2022\/11\/Untitled-2-3.jpg\" class=\"attachment-full size-full\" alt=\"\" srcset=\"https:\/\/lordspalace.com\/wp-content\/uploads\/2022\/11\/Untitled-2-3.jpg 673w, https:\/\/lordspalace.com\/wp-content\/uploads\/2022\/11\/Untitled-2-3-300x262.jpg 300w\" sizes=\"(max-width: 673px) 100vw, 673px\" \/>\t\t\t\t\t\t\t\t\t\t\t\t\t\t\t<\/div>\n\t\t\t\t<\/div>\n\t\t\t\t\t<\/div>\n\t\t<\/div>\n\t\t\t\t<div class=\"elementor-column elementor-col-50 elementor-top-column elementor-element elementor-element-fcccd1a\" data-id=\"fcccd1a\" data-element_type=\"column\">\n\t\t\t<div class=\"elementor-widget-wrap elementor-element-populated\">\n\t\t\t\t\t\t\t\t<div class=\"elementor-element elementor-element-c3dc426 elementor-widget elementor-widget-heading\" data-id=\"c3dc426\" data-element_type=\"widget\" data-widget_type=\"heading.default\">\n\t\t\t\t<div class=\"elementor-widget-container\">\n\t\t\t<h2 class=\"elementor-heading-title elementor-size-default\">Fitness<\/h2>\t\t<\/div>\n\t\t\t\t<\/div>\n\t\t\t\t<div class=\"elementor-element elementor-element-1b77f65 elementor-widget elementor-widget-text-editor\" data-id=\"1b77f65\" data-element_type=\"widget\" data-widget_type=\"text-editor.default\">\n\t\t\t\t<div class=\"elementor-widget-container\">\n\t\t\t\t\t\t\t<p>At our fitness center, designed for our valued guests, you can enjoy a comfortable and clean workout. With our modern equipment, spacious atmosphere, and hygienic areas, staying in shape is now much easier.<\/p>\t\t\t\t\t\t<\/div>\n\t\t\t\t<\/div>\n\t\t\t\t<div class=\"elementor-element elementor-element-2fde889 elementor-align-left elementor-widget elementor-widget-button\" data-id=\"2fde889\" data-element_type=\"widget\" data-widget_type=\"button.default\">\n\t\t\t\t<div class=\"elementor-widget-container\">\n\t\t\t\t\t<div class=\"elementor-button-wrapper\">\n\t\t\t<a href=\"http:\/\/menulordspalace.com\/spa\/\" class=\"elementor-button-link elementor-button elementor-size-md\" role=\"button\">\n\t\t\t\t\t\t<span class=\"elementor-button-content-wrapper\">\n\t\t\t\t\t\t<span class=\"elementor-button-text\">INFO & RESERVATION<\/span>\n\t\t<\/span>\n\t\t\t\t\t<\/a>\n\t\t<\/div>\n\t\t\t\t<\/div>\n\t\t\t\t<\/div>\n\t\t\t\t\t<\/div>\n\t\t<\/div>\n\t\t\t\t\t\t\t<\/div>\n\t\t<\/section>\n\t\t\t\t<section class=\"elementor-section elementor-top-section elementor-element elementor-element-ed0a3b2 elementor-section-boxed elementor-section-height-default elementor-section-height-default\" data-id=\"ed0a3b2\" data-element_type=\"section\">\n\t\t\t\t\t\t<div class=\"elementor-container elementor-column-gap-default\">\n\t\t\t\t\t<div class=\"elementor-column elementor-col-100 elementor-top-column elementor-element elementor-element-80499ea\" data-id=\"80499ea\" data-element_type=\"column\">\n\t\t\t<div class=\"elementor-widget-wrap elementor-element-populated\">\n\t\t\t\t\t\t\t\t<div class=\"elementor-element elementor-element-38b1629 elementor-position-top elementor-view-default elementor-mobile-position-top elementor-vertical-align-top elementor-widget elementor-widget-icon-box\" data-id=\"38b1629\" data-element_type=\"widget\" data-widget_type=\"icon-box.default\">\n\t\t\t\t<div class=\"elementor-widget-container\">\n\t\t\t<link rel=\"stylesheet\" href=\"https:\/\/lordspalace.com\/wp-content\/plugins\/elementor\/assets\/css\/widget-icon-box.min.css\">\t\t<div class=\"elementor-icon-box-wrapper\">\n\t\t\t\t\t\t<div class=\"elementor-icon-box-icon\">\n\t\t\t\t<span class=\"elementor-icon elementor-animation-\" >\n\t\t\t\t<i aria-hidden=\"true\" class=\"far fa-clock\"><\/i>\t\t\t\t<\/span>\n\t\t\t<\/div>\n\t\t\t\t\t\t<div class=\"elementor-icon-box-content\">\n\t\t\t\t<h3 class=\"elementor-icon-box-title\">\n\t\t\t\t\t<span  >\n\t\t\t\t\t\tWorking Hours\t\t\t\t\t<\/span>\n\t\t\t\t<\/h3>\n\t\t\t\t\t\t\t\t\t<p class=\"elementor-icon-box-description\">\n\t\t\t\t\t\t  8:00 AM \u2013 9:00 PM Gym  <br>\n<br> \n8:00 AM \u2013 8:00 PM Indoor Pool, Turkish Bath, Sauna, Steam Room <br><br> 9:00 AM \u2013 7:00 PM Massage, Scrub and Foam\t\t\t\t\t<\/p>\n\t\t\t\t\t\t\t<\/div>\n\t\t<\/div>\n\t\t\t\t<\/div>\n\t\t\t\t<\/div>\n\t\t\t\t\t<\/div>\n\t\t<\/div>\n\t\t\t\t\t\t\t<\/div>\n\t\t<\/section>\n\t\t\t\t\t\t\t<\/div>\n\t\t","protected":false},"excerpt":{"rendered":"<p>LORD&#8217;S PALACE SPA You will experience serenity here, our flaw. Massages Our massages, designed specifically to create a personalized experience using specially designed oils, offer our guests the most valuable luxury. While relaxing your body, it provides an environment where you can also listen to your soul. INFO &#038; RESERVATION Hammam Indulge in the traditional [&hellip;]<\/p>\n","protected":false},"author":1,"featured_media":0,"parent":0,"menu_order":0,"comment_status":"closed","ping_status":"closed","template":"page-templates\/home.php","meta":[],"yoast_head":"<!-- This site is optimized with the Yoast SEO Premium plugin v19.1 (Yoast SEO v19.5.1) - https:\/\/yoast.com\/wordpress\/plugins\/seo\/ -->\n<title>SPA - Lord&#039;s Palace Hotel SPA Casino<\/title>\n<meta name=\"robots\" content=\"index, follow, max-snippet:-1, max-image-preview:large, max-video-preview:-1\" \/>\n<link rel=\"canonical\" href=\"https:\/\/lordspalace.com\/spa-fitness\/\" \/>\n<meta property=\"og:locale\" content=\"en_US\" \/>\n<meta property=\"og:type\" content=\"article\" \/>\n<meta property=\"og:title\" content=\"SPA\" \/>\n<meta property=\"og:description\" content=\"LORD&#8217;S PALACE SPA You will experience serenity here, our flaw. Massages Our massages, designed specifically to create a personalized experience using specially designed oils, offer our guests the most valuable luxury. While relaxing your body, it provides an environment where you can also listen to your soul. INFO &#038; RESERVATION Hammam Indulge in the traditional [&hellip;]\" \/>\n<meta property=\"og:url\" content=\"https:\/\/lordspalace.com\/spa-fitness\/\" \/>\n<meta property=\"og:site_name\" content=\"Lord&#039;s Palace Hotel SPA Casino\" \/>\n<meta property=\"article:publisher\" content=\"https:\/\/www.facebook.com\/lordspalacehotel\" \/>\n<meta property=\"article:modified_time\" content=\"2026-01-14T08:03:00+00:00\" \/>\n<meta property=\"og:image\" content=\"https:\/\/lordspalace.com\/wp-content\/uploads\/2024\/05\/lords_palace_spa_28_12_2021-45.jpg\" \/>\n<meta name=\"twitter:card\" content=\"summary_large_image\" \/>\n<meta name=\"twitter:site\" content=\"@lordspalace\" \/>\n<meta name=\"twitter:label1\" content=\"Est. reading time\" \/>\n\t<meta name=\"twitter:data1\" content=\"2 minutes\" \/>\n<script type=\"application\/ld+json\" class=\"yoast-schema-graph\">{\"@context\":\"https:\/\/schema.org\",\"@graph\":[{\"@type\":\"WebPage\",\"@id\":\"https:\/\/lordspalace.com\/spa-fitness\/\",\"url\":\"https:\/\/lordspalace.com\/spa-fitness\/\",\"name\":\"SPA - Lord&#039;s Palace Hotel SPA Casino\",\"isPartOf\":{\"@id\":\"https:\/\/lordspalace.com\/#website\"},\"datePublished\":\"2022-11-13T15:01:32+00:00\",\"dateModified\":\"2026-01-14T08:03:00+00:00\",\"breadcrumb\":{\"@id\":\"https:\/\/lordspalace.com\/spa-fitness\/#breadcrumb\"},\"inLanguage\":\"en-US\",\"potentialAction\":[{\"@type\":\"ReadAction\",\"target\":[\"https:\/\/lordspalace.com\/spa-fitness\/\"]}]},{\"@type\":\"BreadcrumbList\",\"@id\":\"https:\/\/lordspalace.com\/spa-fitness\/#breadcrumb\",\"itemListElement\":[{\"@type\":\"ListItem\",\"position\":1,\"name\":\"Home\",\"item\":\"https:\/\/lordspalace.com\/\"},{\"@type\":\"ListItem\",\"position\":2,\"name\":\"SPA\"}]},{\"@type\":\"WebSite\",\"@id\":\"https:\/\/lordspalace.com\/#website\",\"url\":\"https:\/\/lordspalace.com\/\",\"name\":\"Lord&#039;s Palace Hotel SPA Casino\",\"description\":\"K\u0131br\u0131s Otel | 5 Y\u0131ld\u0131zl\u0131\",\"publisher\":{\"@id\":\"https:\/\/lordspalace.com\/#organization\"},\"potentialAction\":[{\"@type\":\"SearchAction\",\"target\":{\"@type\":\"EntryPoint\",\"urlTemplate\":\"https:\/\/lordspalace.com\/?s={search_term_string}\"},\"query-input\":\"required name=search_term_string\"}],\"inLanguage\":\"en-US\"},{\"@type\":\"Organization\",\"@id\":\"https:\/\/lordspalace.com\/#organization\",\"name\":\"Lord's Palace Hotel SPA Casino\",\"url\":\"https:\/\/lordspalace.com\/\",\"sameAs\":[\"https:\/\/www.instagram.com\/hotellordspalace\/\",\"https:\/\/www.facebook.com\/lordspalacehotel\",\"https:\/\/twitter.com\/lordspalace\"],\"logo\":{\"@type\":\"ImageObject\",\"inLanguage\":\"en-US\",\"@id\":\"https:\/\/lordspalace.com\/#\/schema\/logo\/image\/\",\"url\":\"https:\/\/lordspalace.com\/wp-content\/uploads\/2022\/12\/logo-1.jpg\",\"contentUrl\":\"https:\/\/lordspalace.com\/wp-content\/uploads\/2022\/12\/logo-1.jpg\",\"width\":404,\"height\":404,\"caption\":\"Lord's Palace Hotel SPA Casino\"},\"image\":{\"@id\":\"https:\/\/lordspalace.com\/#\/schema\/logo\/image\/\"}}]}<\/script>\n<!-- \/ Yoast SEO Premium plugin. -->","yoast_head_json":{"title":"SPA - Lord&#039;s Palace Hotel SPA Casino","robots":{"index":"index","follow":"follow","max-snippet":"max-snippet:-1","max-image-preview":"max-image-preview:large","max-video-preview":"max-video-preview:-1"},"canonical":"https:\/\/lordspalace.com\/spa-fitness\/","og_locale":"en_US","og_type":"article","og_title":"SPA","og_description":"LORD&#8217;S PALACE SPA You will experience serenity here, our flaw. Massages Our massages, designed specifically to create a personalized experience using specially designed oils, offer our guests the most valuable luxury. While relaxing your body, it provides an environment where you can also listen to your soul. INFO &#038; RESERVATION Hammam Indulge in the traditional [&hellip;]","og_url":"https:\/\/lordspalace.com\/spa-fitness\/","og_site_name":"Lord&#039;s Palace Hotel SPA Casino","article_publisher":"https:\/\/www.facebook.com\/lordspalacehotel","article_modified_time":"2026-01-14T08:03:00+00:00","og_image":[{"url":"https:\/\/lordspalace.com\/wp-content\/uploads\/2024\/05\/lords_palace_spa_28_12_2021-45.jpg"}],"twitter_card":"summary_large_image","twitter_site":"@lordspalace","twitter_misc":{"Est. reading time":"2 minutes"},"schema":{"@context":"https:\/\/schema.org","@graph":[{"@type":"WebPage","@id":"https:\/\/lordspalace.com\/spa-fitness\/","url":"https:\/\/lordspalace.com\/spa-fitness\/","name":"SPA - Lord&#039;s Palace Hotel SPA Casino","isPartOf":{"@id":"https:\/\/lordspalace.com\/#website"},"datePublished":"2022-11-13T15:01:32+00:00","dateModified":"2026-01-14T08:03:00+00:00","breadcrumb":{"@id":"https:\/\/lordspalace.com\/spa-fitness\/#breadcrumb"},"inLanguage":"en-US","potentialAction":[{"@type":"ReadAction","target":["https:\/\/lordspalace.com\/spa-fitness\/"]}]},{"@type":"BreadcrumbList","@id":"https:\/\/lordspalace.com\/spa-fitness\/#breadcrumb","itemListElement":[{"@type":"ListItem","position":1,"name":"Home","item":"https:\/\/lordspalace.com\/"},{"@type":"ListItem","position":2,"name":"SPA"}]},{"@type":"WebSite","@id":"https:\/\/lordspalace.com\/#website","url":"https:\/\/lordspalace.com\/","name":"Lord&#039;s Palace Hotel SPA Casino","description":"K\u0131br\u0131s Otel | 5 Y\u0131ld\u0131zl\u0131","publisher":{"@id":"https:\/\/lordspalace.com\/#organization"},"potentialAction":[{"@type":"SearchAction","target":{"@type":"EntryPoint","urlTemplate":"https:\/\/lordspalace.com\/?s={search_term_string}"},"query-input":"required name=search_term_string"}],"inLanguage":"en-US"},{"@type":"Organization","@id":"https:\/\/lordspalace.com\/#organization","name":"Lord's Palace Hotel SPA Casino","url":"https:\/\/lordspalace.com\/","sameAs":["https:\/\/www.instagram.com\/hotellordspalace\/","https:\/\/www.facebook.com\/lordspalacehotel","https:\/\/twitter.com\/lordspalace"],"logo":{"@type":"ImageObject","inLanguage":"en-US","@id":"https:\/\/lordspalace.com\/#\/schema\/logo\/image\/","url":"https:\/\/lordspalace.com\/wp-content\/uploads\/2022\/12\/logo-1.jpg","contentUrl":"https:\/\/lordspalace.com\/wp-content\/uploads\/2022\/12\/logo-1.jpg","width":404,"height":404,"caption":"Lord's Palace Hotel SPA Casino"},"image":{"@id":"https:\/\/lordspalace.com\/#\/schema\/logo\/image\/"}}]}},"_links":{"self":[{"href":"https:\/\/lordspalace.com\/en\/wp-json\/wp\/v2\/pages\/1429"}],"collection":[{"href":"https:\/\/lordspalace.com\/en\/wp-json\/wp\/v2\/pages"}],"about":[{"href":"https:\/\/lordspalace.com\/en\/wp-json\/wp\/v2\/types\/page"}],"author":[{"embeddable":true,"href":"https:\/\/lordspalace.com\/en\/wp-json\/wp\/v2\/users\/1"}],"replies":[{"embeddable":true,"href":"https:\/\/lordspalace.com\/en\/wp-json\/wp\/v2\/comments?post=1429"}],"version-history":[{"count":0,"href":"https:\/\/lordspalace.com\/en\/wp-json\/wp\/v2\/pages\/1429\/revisions"}],"wp:attachment":[{"href":"https:\/\/lordspalace.com\/en\/wp-json\/wp\/v2\/media?parent=1429"}],"curies":[{"name":"wp","href":"https:\/\/api.w.org\/{rel}","templated":true}]}}