{"id":1418,"date":"2022-11-19T20:44:27","date_gmt":"2022-11-19T17:44:27","guid":{"rendered":"http:\/\/lordspalace.com\/sales-agreement\/"},"modified":"2024-07-11T10:41:29","modified_gmt":"2024-07-11T07:41:29","slug":"sales-agreement","status":"publish","type":"page","link":"https:\/\/lordspalace.com\/en\/sales-agreement\/","title":{"rendered":"Sales Agreement"},"content":{"rendered":"\t\t<div data-elementor-type=\"wp-page\" data-elementor-id=\"1418\" class=\"elementor elementor-1418\">\n\t\t\t\t\t\t\t\t\t<section class=\"elementor-section elementor-top-section elementor-element elementor-element-954e900 elementor-section-boxed elementor-section-height-default elementor-section-height-default\" data-id=\"954e900\" data-element_type=\"section\">\n\t\t\t\t\t\t<div class=\"elementor-container elementor-column-gap-default\">\n\t\t\t\t\t<div class=\"elementor-column elementor-col-100 elementor-top-column elementor-element elementor-element-b0f8bad\" data-id=\"b0f8bad\" data-element_type=\"column\">\n\t\t\t<div class=\"elementor-widget-wrap elementor-element-populated\">\n\t\t\t\t\t\t\t\t<div class=\"elementor-element elementor-element-598b7e7 elementor-widget elementor-widget-text-editor\" data-id=\"598b7e7\" data-element_type=\"widget\" data-widget_type=\"text-editor.default\">\n\t\t\t\t<div class=\"elementor-widget-container\">\n\t\t\t<style>\/*! elementor - v3.8.1 - 13-11-2022 *\/\n.elementor-widget-text-editor.elementor-drop-cap-view-stacked .elementor-drop-cap{background-color:#818a91;color:#fff}.elementor-widget-text-editor.elementor-drop-cap-view-framed .elementor-drop-cap{color:#818a91;border:3px solid;background-color:transparent}.elementor-widget-text-editor:not(.elementor-drop-cap-view-default) .elementor-drop-cap{margin-top:8px}.elementor-widget-text-editor:not(.elementor-drop-cap-view-default) .elementor-drop-cap-letter{width:1em;height:1em}.elementor-widget-text-editor .elementor-drop-cap{float:left;text-align:center;line-height:1;font-size:50px}.elementor-widget-text-editor .elementor-drop-cap-letter{display:inline-block}<\/style>\t\t\t\t<h3>Sales Agreement<\/h3><p><strong>A-<\/strong> The hotel may cancel the reservation due to adverse weather conditions, road obstructions, strikes, terrorism, fog, possibility of war, unpredictable technical issues and all force majeure that prevent the start or continuation of the reservation. In this case, the consumer has no right to compensation.<\/p><p><strong>B-<\/strong> When the consumer requests cancellation up to 15 days before the start of the service, the full price paid is returned to him.<\/p><p><strong>C-<\/strong> If the consumer cancels the contract 15-7 days before the start of the service, he agrees and undertakes to pay 50% of the total reservation price to the hotel less than 7 days before. Date changes made by the consumer have the effect of cancellation.<\/p><p><strong>D-<\/strong> In case of cancellation\/transfer of the discounted service, the consumer agrees and undertakes to pay 50% of the service to the hotel 15-7 days before the start of the service, and less than 7 days before the service starts.<\/p><p><strong>E-<\/strong> For cancellations made up to 15 days before the start of the service, the hotel refunds the consumer the full amount paid up to that point.<\/p><p><strong>F-<\/strong> The 10-day illness or death of the consumer or his\/her first-degree relatives that prevent their habitual occupation, with an official report to be obtained from a full-fledged state hospital and written submission before the start of the service, are an exception to the cancellation\/transfer clauses.<\/p><p><strong>G-<\/strong> The consumer cannot transfer the service he has received before or during the service to another person. In this case, the hotel does not refund any fees to the consumer.<\/p><p><strong>H-<\/strong> When it deems necessary, the hotel may partially or completely cancel the service it has announced or registered, 25 days before the start of the service, provided that it notifies the consumer.<\/p><p><strong>I-<\/strong> The consumer consents to be informed about the services, advertisements, announcements, campaigns and activities of the brands that Lords Palace Hotel Casino Spa operates, its suppliers and the organizations it cooperates with. If the consumer wishes to cancel the consent given through any channel, Lords Palace Hotel Casino Spa undertakes to terminate the notification.<br \/><br \/><strong>J &#8211;<\/strong> In case of a discrepancy between the name of the consumer who made the reservation and the name of the cardholder used during payment, the hotel has the right to cancel the relevant reservation.<\/p>\t\t\t\t\t\t<\/div>\n\t\t\t\t<\/div>\n\t\t\t\t\t<\/div>\n\t\t<\/div>\n\t\t\t\t\t\t\t<\/div>\n\t\t<\/section>\n\t\t\t\t\t\t\t<\/div>\n\t\t","protected":false},"excerpt":{"rendered":"<p>Sales Agreement A- The hotel may cancel the reservation due to adverse weather conditions, road obstructions, strikes, terrorism, fog, possibility of war, unpredictable technical issues and all force majeure that prevent the start or continuation of the reservation. In this case, the consumer has no right to compensation. B- When the consumer requests cancellation up [&hellip;]<\/p>\n","protected":false},"author":1,"featured_media":0,"parent":0,"menu_order":0,"comment_status":"closed","ping_status":"closed","template":"elementor_header_footer","meta":[],"yoast_head":"<!-- This site is optimized with the Yoast SEO Premium plugin v19.1 (Yoast SEO v19.5.1) - https:\/\/yoast.com\/wordpress\/plugins\/seo\/ -->\n<title>Sales Agreement - Lord&#039;s Palace Hotel SPA Casino<\/title>\n<meta name=\"robots\" content=\"index, follow, max-snippet:-1, max-image-preview:large, max-video-preview:-1\" \/>\n<link rel=\"canonical\" href=\"https:\/\/lordspalace.com\/en\/sales-agreement\/\" \/>\n<meta property=\"og:locale\" content=\"en_US\" \/>\n<meta property=\"og:type\" content=\"article\" \/>\n<meta property=\"og:title\" content=\"Sales Agreement\" \/>\n<meta property=\"og:description\" content=\"Sales Agreement A- The hotel may cancel the reservation due to adverse weather conditions, road obstructions, strikes, terrorism, fog, possibility of war, unpredictable technical issues and all force majeure that prevent the start or continuation of the reservation. In this case, the consumer has no right to compensation. B- When the consumer requests cancellation up [&hellip;]\" \/>\n<meta property=\"og:url\" content=\"https:\/\/lordspalace.com\/en\/sales-agreement\/\" \/>\n<meta property=\"og:site_name\" content=\"Lord&#039;s Palace Hotel SPA Casino\" \/>\n<meta property=\"article:publisher\" content=\"https:\/\/www.facebook.com\/lordspalacehotel\" \/>\n<meta property=\"article:modified_time\" content=\"2024-07-11T07:41:29+00:00\" \/>\n<meta name=\"twitter:card\" content=\"summary_large_image\" \/>\n<meta name=\"twitter:site\" content=\"@lordspalace\" \/>\n<meta name=\"twitter:label1\" content=\"Est. reading time\" \/>\n\t<meta name=\"twitter:data1\" content=\"3 minutes\" \/>\n<script type=\"application\/ld+json\" class=\"yoast-schema-graph\">{\"@context\":\"https:\/\/schema.org\",\"@graph\":[{\"@type\":\"WebPage\",\"@id\":\"https:\/\/lordspalace.com\/en\/sales-agreement\/\",\"url\":\"https:\/\/lordspalace.com\/en\/sales-agreement\/\",\"name\":\"Sales Agreement - Lord&#039;s Palace Hotel SPA Casino\",\"isPartOf\":{\"@id\":\"https:\/\/lordspalace.com\/#website\"},\"datePublished\":\"2022-11-19T17:44:27+00:00\",\"dateModified\":\"2024-07-11T07:41:29+00:00\",\"breadcrumb\":{\"@id\":\"https:\/\/lordspalace.com\/en\/sales-agreement\/#breadcrumb\"},\"inLanguage\":\"en-US\",\"potentialAction\":[{\"@type\":\"ReadAction\",\"target\":[\"https:\/\/lordspalace.com\/en\/sales-agreement\/\"]}]},{\"@type\":\"BreadcrumbList\",\"@id\":\"https:\/\/lordspalace.com\/en\/sales-agreement\/#breadcrumb\",\"itemListElement\":[{\"@type\":\"ListItem\",\"position\":1,\"name\":\"Home\",\"item\":\"https:\/\/lordspalace.com\/\"},{\"@type\":\"ListItem\",\"position\":2,\"name\":\"Sales Agreement\"}]},{\"@type\":\"WebSite\",\"@id\":\"https:\/\/lordspalace.com\/#website\",\"url\":\"https:\/\/lordspalace.com\/\",\"name\":\"Lord&#039;s Palace Hotel SPA Casino\",\"description\":\"K\u0131br\u0131s Otel | 5 Y\u0131ld\u0131zl\u0131\",\"publisher\":{\"@id\":\"https:\/\/lordspalace.com\/#organization\"},\"potentialAction\":[{\"@type\":\"SearchAction\",\"target\":{\"@type\":\"EntryPoint\",\"urlTemplate\":\"https:\/\/lordspalace.com\/?s={search_term_string}\"},\"query-input\":\"required name=search_term_string\"}],\"inLanguage\":\"en-US\"},{\"@type\":\"Organization\",\"@id\":\"https:\/\/lordspalace.com\/#organization\",\"name\":\"Lord's Palace Hotel SPA Casino\",\"url\":\"https:\/\/lordspalace.com\/\",\"sameAs\":[\"https:\/\/www.instagram.com\/hotellordspalace\/\",\"https:\/\/www.facebook.com\/lordspalacehotel\",\"https:\/\/twitter.com\/lordspalace\"],\"logo\":{\"@type\":\"ImageObject\",\"inLanguage\":\"en-US\",\"@id\":\"https:\/\/lordspalace.com\/#\/schema\/logo\/image\/\",\"url\":\"https:\/\/lordspalace.com\/wp-content\/uploads\/2022\/12\/logo-1.jpg\",\"contentUrl\":\"https:\/\/lordspalace.com\/wp-content\/uploads\/2022\/12\/logo-1.jpg\",\"width\":404,\"height\":404,\"caption\":\"Lord's Palace Hotel SPA Casino\"},\"image\":{\"@id\":\"https:\/\/lordspalace.com\/#\/schema\/logo\/image\/\"}}]}<\/script>\n<!-- \/ Yoast SEO Premium plugin. -->","yoast_head_json":{"title":"Sales Agreement - Lord&#039;s Palace Hotel SPA Casino","robots":{"index":"index","follow":"follow","max-snippet":"max-snippet:-1","max-image-preview":"max-image-preview:large","max-video-preview":"max-video-preview:-1"},"canonical":"https:\/\/lordspalace.com\/en\/sales-agreement\/","og_locale":"en_US","og_type":"article","og_title":"Sales Agreement","og_description":"Sales Agreement A- The hotel may cancel the reservation due to adverse weather conditions, road obstructions, strikes, terrorism, fog, possibility of war, unpredictable technical issues and all force majeure that prevent the start or continuation of the reservation. In this case, the consumer has no right to compensation. B- When the consumer requests cancellation up [&hellip;]","og_url":"https:\/\/lordspalace.com\/en\/sales-agreement\/","og_site_name":"Lord&#039;s Palace Hotel SPA Casino","article_publisher":"https:\/\/www.facebook.com\/lordspalacehotel","article_modified_time":"2024-07-11T07:41:29+00:00","twitter_card":"summary_large_image","twitter_site":"@lordspalace","twitter_misc":{"Est. reading time":"3 minutes"},"schema":{"@context":"https:\/\/schema.org","@graph":[{"@type":"WebPage","@id":"https:\/\/lordspalace.com\/en\/sales-agreement\/","url":"https:\/\/lordspalace.com\/en\/sales-agreement\/","name":"Sales Agreement - Lord&#039;s Palace Hotel SPA Casino","isPartOf":{"@id":"https:\/\/lordspalace.com\/#website"},"datePublished":"2022-11-19T17:44:27+00:00","dateModified":"2024-07-11T07:41:29+00:00","breadcrumb":{"@id":"https:\/\/lordspalace.com\/en\/sales-agreement\/#breadcrumb"},"inLanguage":"en-US","potentialAction":[{"@type":"ReadAction","target":["https:\/\/lordspalace.com\/en\/sales-agreement\/"]}]},{"@type":"BreadcrumbList","@id":"https:\/\/lordspalace.com\/en\/sales-agreement\/#breadcrumb","itemListElement":[{"@type":"ListItem","position":1,"name":"Home","item":"https:\/\/lordspalace.com\/"},{"@type":"ListItem","position":2,"name":"Sales Agreement"}]},{"@type":"WebSite","@id":"https:\/\/lordspalace.com\/#website","url":"https:\/\/lordspalace.com\/","name":"Lord&#039;s Palace Hotel SPA Casino","description":"K\u0131br\u0131s Otel | 5 Y\u0131ld\u0131zl\u0131","publisher":{"@id":"https:\/\/lordspalace.com\/#organization"},"potentialAction":[{"@type":"SearchAction","target":{"@type":"EntryPoint","urlTemplate":"https:\/\/lordspalace.com\/?s={search_term_string}"},"query-input":"required name=search_term_string"}],"inLanguage":"en-US"},{"@type":"Organization","@id":"https:\/\/lordspalace.com\/#organization","name":"Lord's Palace Hotel SPA Casino","url":"https:\/\/lordspalace.com\/","sameAs":["https:\/\/www.instagram.com\/hotellordspalace\/","https:\/\/www.facebook.com\/lordspalacehotel","https:\/\/twitter.com\/lordspalace"],"logo":{"@type":"ImageObject","inLanguage":"en-US","@id":"https:\/\/lordspalace.com\/#\/schema\/logo\/image\/","url":"https:\/\/lordspalace.com\/wp-content\/uploads\/2022\/12\/logo-1.jpg","contentUrl":"https:\/\/lordspalace.com\/wp-content\/uploads\/2022\/12\/logo-1.jpg","width":404,"height":404,"caption":"Lord's Palace Hotel SPA Casino"},"image":{"@id":"https:\/\/lordspalace.com\/#\/schema\/logo\/image\/"}}]}},"_links":{"self":[{"href":"https:\/\/lordspalace.com\/en\/wp-json\/wp\/v2\/pages\/1418"}],"collection":[{"href":"https:\/\/lordspalace.com\/en\/wp-json\/wp\/v2\/pages"}],"about":[{"href":"https:\/\/lordspalace.com\/en\/wp-json\/wp\/v2\/types\/page"}],"author":[{"embeddable":true,"href":"https:\/\/lordspalace.com\/en\/wp-json\/wp\/v2\/users\/1"}],"replies":[{"embeddable":true,"href":"https:\/\/lordspalace.com\/en\/wp-json\/wp\/v2\/comments?post=1418"}],"version-history":[{"count":0,"href":"https:\/\/lordspalace.com\/en\/wp-json\/wp\/v2\/pages\/1418\/revisions"}],"wp:attachment":[{"href":"https:\/\/lordspalace.com\/en\/wp-json\/wp\/v2\/media?parent=1418"}],"curies":[{"name":"wp","href":"https:\/\/api.w.org\/{rel}","templated":true}]}}