{"id":1380,"date":"2022-11-18T15:31:04","date_gmt":"2022-11-18T12:31:04","guid":{"rendered":"http:\/\/lordspalace.com\/promotions\/"},"modified":"2022-12-27T13:08:23","modified_gmt":"2022-12-27T11:08:23","slug":"promotions","status":"publish","type":"page","link":"https:\/\/lordspalace.com\/en\/promotions\/","title":{"rendered":"Promotions"},"content":{"rendered":"\t\t<div data-elementor-type=\"wp-page\" data-elementor-id=\"1380\" class=\"elementor elementor-1380\">\n\t\t\t\t\t\t\t\t\t<section class=\"elementor-section elementor-top-section elementor-element elementor-element-da73821 elementor-section-boxed elementor-section-height-default elementor-section-height-default\" data-id=\"da73821\" data-element_type=\"section\">\n\t\t\t\t\t\t<div class=\"elementor-container elementor-column-gap-default\">\n\t\t\t\t\t<div class=\"elementor-column elementor-col-100 elementor-top-column elementor-element elementor-element-3c24100\" data-id=\"3c24100\" data-element_type=\"column\">\n\t\t\t<div class=\"elementor-widget-wrap elementor-element-populated\">\n\t\t\t\t\t\t\t\t<div class=\"elementor-element elementor-element-d97f2f6 elementor-widget elementor-widget-text-editor\" data-id=\"d97f2f6\" data-element_type=\"widget\" data-widget_type=\"text-editor.default\">\n\t\t\t\t<div class=\"elementor-widget-container\">\n\t\t\t<style>\/*! elementor - v3.8.1 - 13-11-2022 *\/\n.elementor-widget-text-editor.elementor-drop-cap-view-stacked .elementor-drop-cap{background-color:#818a91;color:#fff}.elementor-widget-text-editor.elementor-drop-cap-view-framed .elementor-drop-cap{color:#818a91;border:3px solid;background-color:transparent}.elementor-widget-text-editor:not(.elementor-drop-cap-view-default) .elementor-drop-cap{margin-top:8px}.elementor-widget-text-editor:not(.elementor-drop-cap-view-default) .elementor-drop-cap-letter{width:1em;height:1em}.elementor-widget-text-editor .elementor-drop-cap{float:left;text-align:center;line-height:1;font-size:50px}.elementor-widget-text-editor .elementor-drop-cap-letter{display:inline-block}<\/style>\t\t\t\t\t\t\t\t\t\t<\/div>\n\t\t\t\t<\/div>\n\t\t\t\t\t<\/div>\n\t\t<\/div>\n\t\t\t\t\t\t\t<\/div>\n\t\t<\/section>\n\t\t\t\t<section class=\"elementor-section elementor-top-section elementor-element elementor-element-3e99d9b elementor-section-boxed elementor-section-height-default elementor-section-height-default\" data-id=\"3e99d9b\" data-element_type=\"section\" data-settings=\"{&quot;background_background&quot;:&quot;classic&quot;}\">\n\t\t\t\t\t\t<div class=\"elementor-container elementor-column-gap-default\">\n\t\t\t\t\t<div class=\"elementor-column elementor-col-100 elementor-top-column elementor-element elementor-element-b10d2db\" data-id=\"b10d2db\" data-element_type=\"column\">\n\t\t\t<div class=\"elementor-widget-wrap elementor-element-populated\">\n\t\t\t\t\t\t\t\t<div class=\"elementor-element elementor-element-b0e2067 elementor-widget elementor-widget-text-editor\" data-id=\"b0e2067\" data-element_type=\"widget\" data-widget_type=\"text-editor.default\">\n\t\t\t\t<div class=\"elementor-widget-container\">\n\t\t\t\t\t\t\t<p>[vc_row type_row=&#8221;offer_home_1&#8243; ses_title=&#8221;Promotions&#8221; ses_subtitle=&#8221;You can take advantage of our unique opportunities.&#8221;][vc_column]    <div class=\"col-lg-6\">\r\n        <div class=\"offer_item\">\r\n            <div class=\"offer_img\">\r\n                <img class=\"img-fluid\" src=\"https:\/\/lordspalace.com\/wp-content\/uploads\/2022\/11\/lords_palace_spa_28_12_2s021-45-min.jpg\" alt=\"\">\r\n                <h4>AT LORD&#039;S PALACE HOTEL &#038; SPA<\/h4>\r\n            <\/div>\r\n            <div class=\"offer_text justify-content-between d-flex align-items-center\">\r\n                <div class=\"offer_left\">\r\n                    <h5><span><\/span>A PERFECT DAY<\/h5>\r\n                <\/div>\r\n                <div class=\"offer_right\">\r\n                    <a href=\"\/en\/a-perfect-day\/\">Promotions<\/a>\r\n                <\/div>\r\n            <\/div>\r\n        <\/div>\r\n    <\/div>\r\n[\/vc_column][\/vc_row]<\/p>\t\t\t\t\t\t<\/div>\n\t\t\t\t<\/div>\n\t\t\t\t\t<\/div>\n\t\t<\/div>\n\t\t\t\t\t\t\t<\/div>\n\t\t<\/section>\n\t\t\t\t\t\t\t<\/div>\n\t\t","protected":false},"excerpt":{"rendered":"<p>[vc_row type_row=&#8221;offer_home_1&#8243; ses_title=&#8221;Promotions&#8221; ses_subtitle=&#8221;You can take advantage of our unique opportunities.&#8221;][vc_column][\/vc_column][\/vc_row]<\/p>\n","protected":false},"author":1,"featured_media":0,"parent":0,"menu_order":0,"comment_status":"closed","ping_status":"closed","template":"elementor_header_footer","meta":[],"yoast_head":"<!-- This site is optimized with the Yoast SEO Premium plugin v19.1 (Yoast SEO v19.5.1) - https:\/\/yoast.com\/wordpress\/plugins\/seo\/ -->\n<title>Promotions - Lord&#039;s Palace Hotel SPA Casino<\/title>\n<meta name=\"robots\" content=\"index, follow, max-snippet:-1, max-image-preview:large, max-video-preview:-1\" \/>\n<link rel=\"canonical\" href=\"https:\/\/lordspalace.com\/en\/promotions\/\" \/>\n<meta property=\"og:locale\" content=\"en_US\" \/>\n<meta property=\"og:type\" content=\"article\" \/>\n<meta property=\"og:title\" content=\"Promotions\" \/>\n<meta property=\"og:description\" content=\"[vc_row type_row=&#8221;offer_home_1&#8243; ses_title=&#8221;Promotions&#8221; ses_subtitle=&#8221;You can take advantage of our unique opportunities.&#8221;][vc_column][\/vc_column][\/vc_row]\" \/>\n<meta property=\"og:url\" content=\"https:\/\/lordspalace.com\/en\/promotions\/\" \/>\n<meta property=\"og:site_name\" content=\"Lord&#039;s Palace Hotel SPA Casino\" \/>\n<meta property=\"article:publisher\" content=\"https:\/\/www.facebook.com\/lordspalacehotel\" \/>\n<meta property=\"article:modified_time\" content=\"2022-12-27T11:08:23+00:00\" \/>\n<meta name=\"twitter:card\" content=\"summary_large_image\" \/>\n<meta name=\"twitter:site\" content=\"@lordspalace\" \/>\n<script type=\"application\/ld+json\" class=\"yoast-schema-graph\">{\"@context\":\"https:\/\/schema.org\",\"@graph\":[{\"@type\":\"WebPage\",\"@id\":\"https:\/\/lordspalace.com\/en\/promotions\/\",\"url\":\"https:\/\/lordspalace.com\/en\/promotions\/\",\"name\":\"Promotions - Lord&#039;s Palace Hotel SPA Casino\",\"isPartOf\":{\"@id\":\"https:\/\/lordspalace.com\/#website\"},\"datePublished\":\"2022-11-18T12:31:04+00:00\",\"dateModified\":\"2022-12-27T11:08:23+00:00\",\"breadcrumb\":{\"@id\":\"https:\/\/lordspalace.com\/en\/promotions\/#breadcrumb\"},\"inLanguage\":\"en-US\",\"potentialAction\":[{\"@type\":\"ReadAction\",\"target\":[\"https:\/\/lordspalace.com\/en\/promotions\/\"]}]},{\"@type\":\"BreadcrumbList\",\"@id\":\"https:\/\/lordspalace.com\/en\/promotions\/#breadcrumb\",\"itemListElement\":[{\"@type\":\"ListItem\",\"position\":1,\"name\":\"Home\",\"item\":\"https:\/\/lordspalace.com\/\"},{\"@type\":\"ListItem\",\"position\":2,\"name\":\"Promotions\"}]},{\"@type\":\"WebSite\",\"@id\":\"https:\/\/lordspalace.com\/#website\",\"url\":\"https:\/\/lordspalace.com\/\",\"name\":\"Lord&#039;s Palace Hotel SPA Casino\",\"description\":\"K\u0131br\u0131s Otel | 5 Y\u0131ld\u0131zl\u0131\",\"publisher\":{\"@id\":\"https:\/\/lordspalace.com\/#organization\"},\"potentialAction\":[{\"@type\":\"SearchAction\",\"target\":{\"@type\":\"EntryPoint\",\"urlTemplate\":\"https:\/\/lordspalace.com\/?s={search_term_string}\"},\"query-input\":\"required name=search_term_string\"}],\"inLanguage\":\"en-US\"},{\"@type\":\"Organization\",\"@id\":\"https:\/\/lordspalace.com\/#organization\",\"name\":\"Lord's Palace Hotel SPA Casino\",\"url\":\"https:\/\/lordspalace.com\/\",\"sameAs\":[\"https:\/\/www.instagram.com\/hotellordspalace\/\",\"https:\/\/www.facebook.com\/lordspalacehotel\",\"https:\/\/twitter.com\/lordspalace\"],\"logo\":{\"@type\":\"ImageObject\",\"inLanguage\":\"en-US\",\"@id\":\"https:\/\/lordspalace.com\/#\/schema\/logo\/image\/\",\"url\":\"https:\/\/lordspalace.com\/wp-content\/uploads\/2022\/12\/logo-1.jpg\",\"contentUrl\":\"https:\/\/lordspalace.com\/wp-content\/uploads\/2022\/12\/logo-1.jpg\",\"width\":404,\"height\":404,\"caption\":\"Lord's Palace Hotel SPA Casino\"},\"image\":{\"@id\":\"https:\/\/lordspalace.com\/#\/schema\/logo\/image\/\"}}]}<\/script>\n<!-- \/ Yoast SEO Premium plugin. -->","yoast_head_json":{"title":"Promotions - Lord&#039;s Palace Hotel SPA Casino","robots":{"index":"index","follow":"follow","max-snippet":"max-snippet:-1","max-image-preview":"max-image-preview:large","max-video-preview":"max-video-preview:-1"},"canonical":"https:\/\/lordspalace.com\/en\/promotions\/","og_locale":"en_US","og_type":"article","og_title":"Promotions","og_description":"[vc_row type_row=&#8221;offer_home_1&#8243; ses_title=&#8221;Promotions&#8221; ses_subtitle=&#8221;You can take advantage of our unique opportunities.&#8221;][vc_column][\/vc_column][\/vc_row]","og_url":"https:\/\/lordspalace.com\/en\/promotions\/","og_site_name":"Lord&#039;s Palace Hotel SPA Casino","article_publisher":"https:\/\/www.facebook.com\/lordspalacehotel","article_modified_time":"2022-12-27T11:08:23+00:00","twitter_card":"summary_large_image","twitter_site":"@lordspalace","schema":{"@context":"https:\/\/schema.org","@graph":[{"@type":"WebPage","@id":"https:\/\/lordspalace.com\/en\/promotions\/","url":"https:\/\/lordspalace.com\/en\/promotions\/","name":"Promotions - Lord&#039;s Palace Hotel SPA Casino","isPartOf":{"@id":"https:\/\/lordspalace.com\/#website"},"datePublished":"2022-11-18T12:31:04+00:00","dateModified":"2022-12-27T11:08:23+00:00","breadcrumb":{"@id":"https:\/\/lordspalace.com\/en\/promotions\/#breadcrumb"},"inLanguage":"en-US","potentialAction":[{"@type":"ReadAction","target":["https:\/\/lordspalace.com\/en\/promotions\/"]}]},{"@type":"BreadcrumbList","@id":"https:\/\/lordspalace.com\/en\/promotions\/#breadcrumb","itemListElement":[{"@type":"ListItem","position":1,"name":"Home","item":"https:\/\/lordspalace.com\/"},{"@type":"ListItem","position":2,"name":"Promotions"}]},{"@type":"WebSite","@id":"https:\/\/lordspalace.com\/#website","url":"https:\/\/lordspalace.com\/","name":"Lord&#039;s Palace Hotel SPA Casino","description":"K\u0131br\u0131s Otel | 5 Y\u0131ld\u0131zl\u0131","publisher":{"@id":"https:\/\/lordspalace.com\/#organization"},"potentialAction":[{"@type":"SearchAction","target":{"@type":"EntryPoint","urlTemplate":"https:\/\/lordspalace.com\/?s={search_term_string}"},"query-input":"required name=search_term_string"}],"inLanguage":"en-US"},{"@type":"Organization","@id":"https:\/\/lordspalace.com\/#organization","name":"Lord's Palace Hotel SPA Casino","url":"https:\/\/lordspalace.com\/","sameAs":["https:\/\/www.instagram.com\/hotellordspalace\/","https:\/\/www.facebook.com\/lordspalacehotel","https:\/\/twitter.com\/lordspalace"],"logo":{"@type":"ImageObject","inLanguage":"en-US","@id":"https:\/\/lordspalace.com\/#\/schema\/logo\/image\/","url":"https:\/\/lordspalace.com\/wp-content\/uploads\/2022\/12\/logo-1.jpg","contentUrl":"https:\/\/lordspalace.com\/wp-content\/uploads\/2022\/12\/logo-1.jpg","width":404,"height":404,"caption":"Lord's Palace Hotel SPA Casino"},"image":{"@id":"https:\/\/lordspalace.com\/#\/schema\/logo\/image\/"}}]}},"_links":{"self":[{"href":"https:\/\/lordspalace.com\/en\/wp-json\/wp\/v2\/pages\/1380"}],"collection":[{"href":"https:\/\/lordspalace.com\/en\/wp-json\/wp\/v2\/pages"}],"about":[{"href":"https:\/\/lordspalace.com\/en\/wp-json\/wp\/v2\/types\/page"}],"author":[{"embeddable":true,"href":"https:\/\/lordspalace.com\/en\/wp-json\/wp\/v2\/users\/1"}],"replies":[{"embeddable":true,"href":"https:\/\/lordspalace.com\/en\/wp-json\/wp\/v2\/comments?post=1380"}],"version-history":[{"count":0,"href":"https:\/\/lordspalace.com\/en\/wp-json\/wp\/v2\/pages\/1380\/revisions"}],"wp:attachment":[{"href":"https:\/\/lordspalace.com\/en\/wp-json\/wp\/v2\/media?parent=1380"}],"curies":[{"name":"wp","href":"https:\/\/api.w.org\/{rel}","templated":true}]}}