{"id":1363,"date":"2022-11-19T20:41:52","date_gmt":"2022-11-19T17:41:52","guid":{"rendered":"http:\/\/lordspalace.com\/press-room\/"},"modified":"2025-11-03T09:49:15","modified_gmt":"2025-11-03T06:49:15","slug":"press-room","status":"publish","type":"page","link":"https:\/\/lordspalace.com\/en\/press-room\/","title":{"rendered":"Press Room"},"content":{"rendered":"\t\t<div data-elementor-type=\"wp-page\" data-elementor-id=\"1363\" class=\"elementor elementor-1363\">\n\t\t\t\t\t\t\t\t\t<section class=\"elementor-section elementor-top-section elementor-element elementor-element-67ec5ed elementor-section-boxed elementor-section-height-default elementor-section-height-default\" data-id=\"67ec5ed\" data-element_type=\"section\" data-settings=\"{&quot;background_background&quot;:&quot;classic&quot;}\">\n\t\t\t\t\t\t<div class=\"elementor-container elementor-column-gap-default\">\n\t\t\t\t\t<div class=\"elementor-column elementor-col-100 elementor-top-column elementor-element elementor-element-41f6f7d\" data-id=\"41f6f7d\" data-element_type=\"column\">\n\t\t\t<div class=\"elementor-widget-wrap elementor-element-populated\">\n\t\t\t\t\t\t\t\t<div class=\"elementor-element elementor-element-f1963fa elementor-widget elementor-widget-heading\" data-id=\"f1963fa\" data-element_type=\"widget\" data-widget_type=\"heading.default\">\n\t\t\t\t<div class=\"elementor-widget-container\">\n\t\t\t<style>\/*! elementor - v3.8.1 - 13-11-2022 *\/\n.elementor-heading-title{padding:0;margin:0;line-height:1}.elementor-widget-heading .elementor-heading-title[class*=elementor-size-]>a{color:inherit;font-size:inherit;line-height:inherit}.elementor-widget-heading .elementor-heading-title.elementor-size-small{font-size:15px}.elementor-widget-heading .elementor-heading-title.elementor-size-medium{font-size:19px}.elementor-widget-heading .elementor-heading-title.elementor-size-large{font-size:29px}.elementor-widget-heading .elementor-heading-title.elementor-size-xl{font-size:39px}.elementor-widget-heading .elementor-heading-title.elementor-size-xxl{font-size:59px}<\/style><h2 class=\"elementor-heading-title elementor-size-default\">LORD'S PALACE HOTEL<\/h2>\t\t<\/div>\n\t\t\t\t<\/div>\n\t\t\t\t<div class=\"elementor-element elementor-element-9f834a5 elementor-widget elementor-widget-heading\" data-id=\"9f834a5\" data-element_type=\"widget\" data-widget_type=\"heading.default\">\n\t\t\t\t<div class=\"elementor-widget-container\">\n\t\t\t<h2 class=\"elementor-heading-title elementor-size-default\">LOGOS<\/h2>\t\t<\/div>\n\t\t\t\t<\/div>\n\t\t\t\t<section class=\"elementor-section elementor-inner-section elementor-element elementor-element-dd8cc36 elementor-section-boxed elementor-section-height-default elementor-section-height-default\" data-id=\"dd8cc36\" data-element_type=\"section\">\n\t\t\t\t\t\t<div class=\"elementor-container elementor-column-gap-default\">\n\t\t\t\t\t<div class=\"elementor-column elementor-col-25 elementor-inner-column elementor-element elementor-element-b63fa9e\" data-id=\"b63fa9e\" data-element_type=\"column\">\n\t\t\t<div class=\"elementor-widget-wrap elementor-element-populated\">\n\t\t\t\t\t\t\t\t<div class=\"elementor-element elementor-element-0ba1f4c elementor-widget elementor-widget-image\" data-id=\"0ba1f4c\" data-element_type=\"widget\" data-widget_type=\"image.default\">\n\t\t\t\t<div class=\"elementor-widget-container\">\n\t\t\t<style>\/*! elementor - v3.8.1 - 13-11-2022 *\/\n.elementor-widget-image{text-align:center}.elementor-widget-image a{display:inline-block}.elementor-widget-image a img[src$=\".svg\"]{width:48px}.elementor-widget-image img{vertical-align:middle;display:inline-block}<\/style>\t\t\t\t\t\t\t\t\t\t\t\t\t<a href=\"#\">\n\t\t\t\t\t\t\t<img width=\"404\" height=\"404\" src=\"https:\/\/lordspalace.com\/wp-content\/uploads\/2022\/12\/logo-1.jpg\" class=\"attachment-large size-large\" alt=\"\" srcset=\"https:\/\/lordspalace.com\/wp-content\/uploads\/2022\/12\/logo-1.jpg 404w, https:\/\/lordspalace.com\/wp-content\/uploads\/2022\/12\/logo-1-300x300.jpg 300w, https:\/\/lordspalace.com\/wp-content\/uploads\/2022\/12\/logo-1-150x150.jpg 150w\" sizes=\"(max-width: 404px) 100vw, 404px\" \/>\t\t\t\t\t\t\t\t<\/a>\n\t\t\t\t\t\t\t\t\t\t\t\t\t\t\t<\/div>\n\t\t\t\t<\/div>\n\t\t\t\t<div class=\"elementor-element elementor-element-9b6bae4 elementor-view-default elementor-widget elementor-widget-icon\" data-id=\"9b6bae4\" data-element_type=\"widget\" data-widget_type=\"icon.default\">\n\t\t\t\t<div class=\"elementor-widget-container\">\n\t\t\t\t\t<div class=\"elementor-icon-wrapper\">\n\t\t\t<div class=\"elementor-icon\">\n\t\t\t<i aria-hidden=\"true\" class=\"fas fa-download\"><\/i>\t\t\t<\/div>\n\t\t<\/div>\n\t\t\t\t<\/div>\n\t\t\t\t<\/div>\n\t\t\t\t\t<\/div>\n\t\t<\/div>\n\t\t\t\t<div class=\"elementor-column elementor-col-25 elementor-inner-column elementor-element elementor-element-d922929\" data-id=\"d922929\" data-element_type=\"column\">\n\t\t\t<div class=\"elementor-widget-wrap elementor-element-populated\">\n\t\t\t\t\t\t\t\t<div class=\"elementor-element elementor-element-e84c915 elementor-widget elementor-widget-image\" data-id=\"e84c915\" data-element_type=\"widget\" data-widget_type=\"image.default\">\n\t\t\t\t<div class=\"elementor-widget-container\">\n\t\t\t\t\t\t\t\t\t\t\t\t\t\t\t\t<a href=\"#\">\n\t\t\t\t\t\t\t<img width=\"404\" height=\"404\" src=\"https:\/\/lordspalace.com\/wp-content\/uploads\/2022\/12\/logo-2.jpg\" class=\"attachment-large size-large\" alt=\"\" srcset=\"https:\/\/lordspalace.com\/wp-content\/uploads\/2022\/12\/logo-2.jpg 404w, https:\/\/lordspalace.com\/wp-content\/uploads\/2022\/12\/logo-2-300x300.jpg 300w, https:\/\/lordspalace.com\/wp-content\/uploads\/2022\/12\/logo-2-150x150.jpg 150w\" sizes=\"(max-width: 404px) 100vw, 404px\" \/>\t\t\t\t\t\t\t\t<\/a>\n\t\t\t\t\t\t\t\t\t\t\t\t\t\t\t<\/div>\n\t\t\t\t<\/div>\n\t\t\t\t<div class=\"elementor-element elementor-element-bb42171 elementor-view-default elementor-widget elementor-widget-icon\" data-id=\"bb42171\" data-element_type=\"widget\" data-widget_type=\"icon.default\">\n\t\t\t\t<div class=\"elementor-widget-container\">\n\t\t\t\t\t<div class=\"elementor-icon-wrapper\">\n\t\t\t<div class=\"elementor-icon\">\n\t\t\t<i aria-hidden=\"true\" class=\"fas fa-download\"><\/i>\t\t\t<\/div>\n\t\t<\/div>\n\t\t\t\t<\/div>\n\t\t\t\t<\/div>\n\t\t\t\t\t<\/div>\n\t\t<\/div>\n\t\t\t\t<div class=\"elementor-column elementor-col-25 elementor-inner-column elementor-element elementor-element-8f1ad7b\" data-id=\"8f1ad7b\" data-element_type=\"column\">\n\t\t\t<div class=\"elementor-widget-wrap elementor-element-populated\">\n\t\t\t\t\t\t\t\t<div class=\"elementor-element elementor-element-62e65ca elementor-widget elementor-widget-image\" data-id=\"62e65ca\" data-element_type=\"widget\" data-widget_type=\"image.default\">\n\t\t\t\t<div class=\"elementor-widget-container\">\n\t\t\t\t\t\t\t\t\t\t\t\t\t\t\t\t<a href=\"#\">\n\t\t\t\t\t\t\t<img width=\"404\" height=\"404\" src=\"https:\/\/lordspalace.com\/wp-content\/uploads\/2022\/12\/logo-1.jpg\" class=\"attachment-large size-large\" alt=\"\" srcset=\"https:\/\/lordspalace.com\/wp-content\/uploads\/2022\/12\/logo-1.jpg 404w, https:\/\/lordspalace.com\/wp-content\/uploads\/2022\/12\/logo-1-300x300.jpg 300w, https:\/\/lordspalace.com\/wp-content\/uploads\/2022\/12\/logo-1-150x150.jpg 150w\" sizes=\"(max-width: 404px) 100vw, 404px\" \/>\t\t\t\t\t\t\t\t<\/a>\n\t\t\t\t\t\t\t\t\t\t\t\t\t\t\t<\/div>\n\t\t\t\t<\/div>\n\t\t\t\t<div class=\"elementor-element elementor-element-831d74d elementor-view-default elementor-widget elementor-widget-icon\" data-id=\"831d74d\" data-element_type=\"widget\" data-widget_type=\"icon.default\">\n\t\t\t\t<div class=\"elementor-widget-container\">\n\t\t\t\t\t<div class=\"elementor-icon-wrapper\">\n\t\t\t<div class=\"elementor-icon\">\n\t\t\t<i aria-hidden=\"true\" class=\"fas fa-download\"><\/i>\t\t\t<\/div>\n\t\t<\/div>\n\t\t\t\t<\/div>\n\t\t\t\t<\/div>\n\t\t\t\t\t<\/div>\n\t\t<\/div>\n\t\t\t\t<div class=\"elementor-column elementor-col-25 elementor-inner-column elementor-element elementor-element-d014926\" data-id=\"d014926\" data-element_type=\"column\">\n\t\t\t<div class=\"elementor-widget-wrap elementor-element-populated\">\n\t\t\t\t\t\t\t\t<div class=\"elementor-element elementor-element-dda21d1 elementor-widget elementor-widget-image\" data-id=\"dda21d1\" data-element_type=\"widget\" data-widget_type=\"image.default\">\n\t\t\t\t<div class=\"elementor-widget-container\">\n\t\t\t\t\t\t\t\t\t\t\t\t\t\t\t\t<a href=\"#\">\n\t\t\t\t\t\t\t<img width=\"404\" height=\"404\" src=\"https:\/\/lordspalace.com\/wp-content\/uploads\/2022\/12\/logo-2.jpg\" class=\"attachment-large size-large\" alt=\"\" srcset=\"https:\/\/lordspalace.com\/wp-content\/uploads\/2022\/12\/logo-2.jpg 404w, https:\/\/lordspalace.com\/wp-content\/uploads\/2022\/12\/logo-2-300x300.jpg 300w, https:\/\/lordspalace.com\/wp-content\/uploads\/2022\/12\/logo-2-150x150.jpg 150w\" sizes=\"(max-width: 404px) 100vw, 404px\" \/>\t\t\t\t\t\t\t\t<\/a>\n\t\t\t\t\t\t\t\t\t\t\t\t\t\t\t<\/div>\n\t\t\t\t<\/div>\n\t\t\t\t<div class=\"elementor-element elementor-element-2f6fb64 elementor-view-default elementor-widget elementor-widget-icon\" data-id=\"2f6fb64\" data-element_type=\"widget\" data-widget_type=\"icon.default\">\n\t\t\t\t<div class=\"elementor-widget-container\">\n\t\t\t\t\t<div class=\"elementor-icon-wrapper\">\n\t\t\t<div class=\"elementor-icon\">\n\t\t\t<i aria-hidden=\"true\" class=\"fas fa-download\"><\/i>\t\t\t<\/div>\n\t\t<\/div>\n\t\t\t\t<\/div>\n\t\t\t\t<\/div>\n\t\t\t\t\t<\/div>\n\t\t<\/div>\n\t\t\t\t\t\t\t<\/div>\n\t\t<\/section>\n\t\t\t\t\t<\/div>\n\t\t<\/div>\n\t\t\t\t\t\t\t<\/div>\n\t\t<\/section>\n\t\t\t\t\t\t\t<\/div>\n\t\t","protected":false},"excerpt":{"rendered":"<p>LORD&#8217;S PALACE HOTEL LOGOS<\/p>\n","protected":false},"author":1,"featured_media":0,"parent":0,"menu_order":0,"comment_status":"closed","ping_status":"closed","template":"elementor_header_footer","meta":[],"yoast_head":"<!-- This site is optimized with the Yoast SEO Premium plugin v19.1 (Yoast SEO v19.5.1) - https:\/\/yoast.com\/wordpress\/plugins\/seo\/ -->\n<title>Press Room - Lord&#039;s Palace Hotel SPA Casino<\/title>\n<meta name=\"robots\" content=\"index, follow, max-snippet:-1, max-image-preview:large, max-video-preview:-1\" \/>\n<link rel=\"canonical\" href=\"https:\/\/lordspalace.com\/basin-odasi\/\" \/>\n<meta property=\"og:locale\" content=\"en_US\" \/>\n<meta property=\"og:type\" content=\"article\" \/>\n<meta property=\"og:title\" content=\"Press Room\" \/>\n<meta property=\"og:description\" content=\"LORD&#8217;S PALACE HOTEL LOGOS\" \/>\n<meta property=\"og:url\" content=\"https:\/\/lordspalace.com\/basin-odasi\/\" \/>\n<meta property=\"og:site_name\" content=\"Lord&#039;s Palace Hotel SPA Casino\" \/>\n<meta property=\"article:publisher\" content=\"https:\/\/www.facebook.com\/lordspalacehotel\" \/>\n<meta property=\"article:modified_time\" content=\"2025-11-03T06:49:15+00:00\" \/>\n<meta property=\"og:image\" content=\"https:\/\/lordspalace.com\/wp-content\/uploads\/2022\/12\/logo-1.jpg\" \/>\n<meta name=\"twitter:card\" content=\"summary_large_image\" \/>\n<meta name=\"twitter:site\" content=\"@lordspalace\" \/>\n<meta name=\"twitter:label1\" content=\"Est. reading time\" \/>\n\t<meta name=\"twitter:data1\" content=\"1 minute\" \/>\n<script type=\"application\/ld+json\" class=\"yoast-schema-graph\">{\"@context\":\"https:\/\/schema.org\",\"@graph\":[{\"@type\":\"WebPage\",\"@id\":\"https:\/\/lordspalace.com\/basin-odasi\/\",\"url\":\"https:\/\/lordspalace.com\/basin-odasi\/\",\"name\":\"Press Room - Lord&#039;s Palace Hotel SPA Casino\",\"isPartOf\":{\"@id\":\"https:\/\/lordspalace.com\/#website\"},\"datePublished\":\"2022-11-19T17:41:52+00:00\",\"dateModified\":\"2025-11-03T06:49:15+00:00\",\"breadcrumb\":{\"@id\":\"https:\/\/lordspalace.com\/basin-odasi\/#breadcrumb\"},\"inLanguage\":\"en-US\",\"potentialAction\":[{\"@type\":\"ReadAction\",\"target\":[\"https:\/\/lordspalace.com\/basin-odasi\/\"]}]},{\"@type\":\"BreadcrumbList\",\"@id\":\"https:\/\/lordspalace.com\/basin-odasi\/#breadcrumb\",\"itemListElement\":[{\"@type\":\"ListItem\",\"position\":1,\"name\":\"Home\",\"item\":\"https:\/\/lordspalace.com\/\"},{\"@type\":\"ListItem\",\"position\":2,\"name\":\"Press Room\"}]},{\"@type\":\"WebSite\",\"@id\":\"https:\/\/lordspalace.com\/#website\",\"url\":\"https:\/\/lordspalace.com\/\",\"name\":\"Lord&#039;s Palace Hotel SPA Casino\",\"description\":\"K\u0131br\u0131s Otel | 5 Y\u0131ld\u0131zl\u0131\",\"publisher\":{\"@id\":\"https:\/\/lordspalace.com\/#organization\"},\"potentialAction\":[{\"@type\":\"SearchAction\",\"target\":{\"@type\":\"EntryPoint\",\"urlTemplate\":\"https:\/\/lordspalace.com\/?s={search_term_string}\"},\"query-input\":\"required name=search_term_string\"}],\"inLanguage\":\"en-US\"},{\"@type\":\"Organization\",\"@id\":\"https:\/\/lordspalace.com\/#organization\",\"name\":\"Lord's Palace Hotel SPA Casino\",\"url\":\"https:\/\/lordspalace.com\/\",\"sameAs\":[\"https:\/\/www.instagram.com\/hotellordspalace\/\",\"https:\/\/www.facebook.com\/lordspalacehotel\",\"https:\/\/twitter.com\/lordspalace\"],\"logo\":{\"@type\":\"ImageObject\",\"inLanguage\":\"en-US\",\"@id\":\"https:\/\/lordspalace.com\/#\/schema\/logo\/image\/\",\"url\":\"https:\/\/lordspalace.com\/wp-content\/uploads\/2022\/12\/logo-1.jpg\",\"contentUrl\":\"https:\/\/lordspalace.com\/wp-content\/uploads\/2022\/12\/logo-1.jpg\",\"width\":404,\"height\":404,\"caption\":\"Lord's Palace Hotel SPA Casino\"},\"image\":{\"@id\":\"https:\/\/lordspalace.com\/#\/schema\/logo\/image\/\"}}]}<\/script>\n<!-- \/ Yoast SEO Premium plugin. -->","yoast_head_json":{"title":"Press Room - Lord&#039;s Palace Hotel SPA Casino","robots":{"index":"index","follow":"follow","max-snippet":"max-snippet:-1","max-image-preview":"max-image-preview:large","max-video-preview":"max-video-preview:-1"},"canonical":"https:\/\/lordspalace.com\/basin-odasi\/","og_locale":"en_US","og_type":"article","og_title":"Press Room","og_description":"LORD&#8217;S PALACE HOTEL LOGOS","og_url":"https:\/\/lordspalace.com\/basin-odasi\/","og_site_name":"Lord&#039;s Palace Hotel SPA Casino","article_publisher":"https:\/\/www.facebook.com\/lordspalacehotel","article_modified_time":"2025-11-03T06:49:15+00:00","og_image":[{"url":"https:\/\/lordspalace.com\/wp-content\/uploads\/2022\/12\/logo-1.jpg"}],"twitter_card":"summary_large_image","twitter_site":"@lordspalace","twitter_misc":{"Est. reading time":"1 minute"},"schema":{"@context":"https:\/\/schema.org","@graph":[{"@type":"WebPage","@id":"https:\/\/lordspalace.com\/basin-odasi\/","url":"https:\/\/lordspalace.com\/basin-odasi\/","name":"Press Room - Lord&#039;s Palace Hotel SPA Casino","isPartOf":{"@id":"https:\/\/lordspalace.com\/#website"},"datePublished":"2022-11-19T17:41:52+00:00","dateModified":"2025-11-03T06:49:15+00:00","breadcrumb":{"@id":"https:\/\/lordspalace.com\/basin-odasi\/#breadcrumb"},"inLanguage":"en-US","potentialAction":[{"@type":"ReadAction","target":["https:\/\/lordspalace.com\/basin-odasi\/"]}]},{"@type":"BreadcrumbList","@id":"https:\/\/lordspalace.com\/basin-odasi\/#breadcrumb","itemListElement":[{"@type":"ListItem","position":1,"name":"Home","item":"https:\/\/lordspalace.com\/"},{"@type":"ListItem","position":2,"name":"Press Room"}]},{"@type":"WebSite","@id":"https:\/\/lordspalace.com\/#website","url":"https:\/\/lordspalace.com\/","name":"Lord&#039;s Palace Hotel SPA Casino","description":"K\u0131br\u0131s Otel | 5 Y\u0131ld\u0131zl\u0131","publisher":{"@id":"https:\/\/lordspalace.com\/#organization"},"potentialAction":[{"@type":"SearchAction","target":{"@type":"EntryPoint","urlTemplate":"https:\/\/lordspalace.com\/?s={search_term_string}"},"query-input":"required name=search_term_string"}],"inLanguage":"en-US"},{"@type":"Organization","@id":"https:\/\/lordspalace.com\/#organization","name":"Lord's Palace Hotel SPA Casino","url":"https:\/\/lordspalace.com\/","sameAs":["https:\/\/www.instagram.com\/hotellordspalace\/","https:\/\/www.facebook.com\/lordspalacehotel","https:\/\/twitter.com\/lordspalace"],"logo":{"@type":"ImageObject","inLanguage":"en-US","@id":"https:\/\/lordspalace.com\/#\/schema\/logo\/image\/","url":"https:\/\/lordspalace.com\/wp-content\/uploads\/2022\/12\/logo-1.jpg","contentUrl":"https:\/\/lordspalace.com\/wp-content\/uploads\/2022\/12\/logo-1.jpg","width":404,"height":404,"caption":"Lord's Palace Hotel SPA Casino"},"image":{"@id":"https:\/\/lordspalace.com\/#\/schema\/logo\/image\/"}}]}},"_links":{"self":[{"href":"https:\/\/lordspalace.com\/en\/wp-json\/wp\/v2\/pages\/1363"}],"collection":[{"href":"https:\/\/lordspalace.com\/en\/wp-json\/wp\/v2\/pages"}],"about":[{"href":"https:\/\/lordspalace.com\/en\/wp-json\/wp\/v2\/types\/page"}],"author":[{"embeddable":true,"href":"https:\/\/lordspalace.com\/en\/wp-json\/wp\/v2\/users\/1"}],"replies":[{"embeddable":true,"href":"https:\/\/lordspalace.com\/en\/wp-json\/wp\/v2\/comments?post=1363"}],"version-history":[{"count":0,"href":"https:\/\/lordspalace.com\/en\/wp-json\/wp\/v2\/pages\/1363\/revisions"}],"wp:attachment":[{"href":"https:\/\/lordspalace.com\/en\/wp-json\/wp\/v2\/media?parent=1363"}],"curies":[{"name":"wp","href":"https:\/\/api.w.org\/{rel}","templated":true}]}}